{"id":302,"date":"2025-05-18T18:40:21","date_gmt":"2025-05-18T16:40:21","guid":{"rendered":"https:\/\/izsak-rebeka.holloka-uxuikepzes.hu\/?page_id=302"},"modified":"2025-07-22T20:01:57","modified_gmt":"2025-07-22T18:01:57","slug":"home","status":"publish","type":"page","link":"https:\/\/yarrowisaac.com\/en\/","title":{"rendered":"Home"},"content":{"rendered":"<div data-elementor-type=\"wp-page\" data-elementor-id=\"302\" class=\"elementor elementor-302\" data-elementor-post-type=\"page\">\n\t\t\t\t<div class=\"elementor-element elementor-element-decb27d e-flex e-con-boxed e-con e-parent\" data-id=\"decb27d\" data-element_type=\"container\" data-e-type=\"container\">\n\t\t\t\t\t<div class=\"e-con-inner\">\n\t\t<div class=\"elementor-element elementor-element-08d5d83 e-con-full e-flex e-con e-child\" data-id=\"08d5d83\" data-element_type=\"container\" data-e-type=\"container\" data-settings=\"{&quot;background_background&quot;:&quot;classic&quot;}\">\n\t\t<div class=\"elementor-element elementor-element-30705d9 e-con-full e-flex e-con e-child\" data-id=\"30705d9\" data-element_type=\"container\" data-e-type=\"container\" data-settings=\"{&quot;background_background&quot;:&quot;classic&quot;}\">\n\t\t<div class=\"elementor-element elementor-element-cb4dffa e-con-full e-flex e-con e-child\" data-id=\"cb4dffa\" data-element_type=\"container\" data-e-type=\"container\" data-settings=\"{&quot;background_background&quot;:&quot;classic&quot;}\">\n\t\t<div class=\"elementor-element elementor-element-74da173 e-con-full e-flex e-con e-child\" data-id=\"74da173\" data-element_type=\"container\" data-e-type=\"container\">\n\t\t\t\t<div class=\"elementor-element elementor-element-f840f47 elementor-widget elementor-widget-heading\" data-id=\"f840f47\" data-element_type=\"widget\" data-e-type=\"widget\" data-widget_type=\"heading.default\">\n\t\t\t\t<div class=\"elementor-widget-container\">\n\t\t\t\t\t<h1 class=\"elementor-heading-title elementor-size-default\">I'm a designer who creates cool things<\/h1>\t\t\t\t<\/div>\n\t\t\t\t<\/div>\n\t\t\t\t<div class=\"elementor-element elementor-element-a1344a9 elementor-widget elementor-widget-text-editor\" data-id=\"a1344a9\" data-element_type=\"widget\" data-e-type=\"widget\" data-widget_type=\"text-editor.default\">\n\t\t\t\t<div class=\"elementor-widget-container\">\n\t\t\t\t\t\t\t\t\t<p>Logo, brand, app, and everything visual - if you need something that looks great and works like magic, you are at the best place!<\/p>\t\t\t\t\t\t\t\t<\/div>\n\t\t\t\t<\/div>\n\t\t\t\t<\/div>\n\t\t\t\t<div class=\"elementor-element elementor-element-eebef2d elementor-align-center elementor-widget elementor-widget-button\" data-id=\"eebef2d\" data-element_type=\"widget\" data-e-type=\"widget\" data-widget_type=\"button.default\">\n\t\t\t\t<div class=\"elementor-widget-container\">\n\t\t\t\t\t\t\t\t\t<div class=\"elementor-button-wrapper\">\n\t\t\t\t\t<a class=\"elementor-button elementor-button-link elementor-size-sm\" href=\"https:\/\/yarrowisaac.com\/en\/portfolio\/\">\n\t\t\t\t\t\t<span class=\"elementor-button-content-wrapper\">\n\t\t\t\t\t\t\t\t\t<span class=\"elementor-button-text\">Explore<\/span>\n\t\t\t\t\t<\/span>\n\t\t\t\t\t<\/a>\n\t\t\t\t<\/div>\n\t\t\t\t\t\t\t\t<\/div>\n\t\t\t\t<\/div>\n\t\t\t\t<\/div>\n\t\t\t\t<\/div>\n\t\t<div class=\"elementor-element elementor-element-1598a9d e-con-full e-flex e-con e-child\" data-id=\"1598a9d\" data-element_type=\"container\" data-e-type=\"container\">\n\t\t<div class=\"elementor-element elementor-element-ea747b2 e-con-full e-flex e-con e-child\" data-id=\"ea747b2\" data-element_type=\"container\" data-e-type=\"container\">\n\t\t<div class=\"elementor-element elementor-element-a5ce4ad e-con-full e-flex e-con e-child\" data-id=\"a5ce4ad\" data-element_type=\"container\" data-e-type=\"container\" data-settings=\"{&quot;background_background&quot;:&quot;classic&quot;}\">\n\t\t\t\t<div class=\"elementor-element elementor-element-17c8edf elementor-widget elementor-widget-heading\" data-id=\"17c8edf\" data-element_type=\"widget\" data-e-type=\"widget\" data-widget_type=\"heading.default\">\n\t\t\t\t<div class=\"elementor-widget-container\">\n\t\t\t\t\t<h2 class=\"elementor-heading-title elementor-size-default\">UX\/UI design<\/h2>\t\t\t\t<\/div>\n\t\t\t\t<\/div>\n\t\t\t\t<div class=\"elementor-element elementor-element-b5652ee elementor-widget elementor-widget-text-editor\" data-id=\"b5652ee\" data-element_type=\"widget\" data-e-type=\"widget\" data-widget_type=\"text-editor.default\">\n\t\t\t\t<div class=\"elementor-widget-container\">\n\t\t\t\t\t\t\t\t\t<p>I'll help to make your app or website not only beautiful, but also user-friendly and intuitive<\/p>\t\t\t\t\t\t\t\t<\/div>\n\t\t\t\t<\/div>\n\t\t\t\t<\/div>\n\t\t<div class=\"elementor-element elementor-element-9a57a64 e-con-full e-flex e-con e-child\" data-id=\"9a57a64\" data-element_type=\"container\" data-e-type=\"container\" data-settings=\"{&quot;background_background&quot;:&quot;classic&quot;}\">\n\t\t\t\t<div class=\"elementor-element elementor-element-8793265 elementor-widget elementor-widget-heading\" data-id=\"8793265\" data-element_type=\"widget\" data-e-type=\"widget\" data-widget_type=\"heading.default\">\n\t\t\t\t<div class=\"elementor-widget-container\">\n\t\t\t\t\t<h2 class=\"elementor-heading-title elementor-size-default\">Graphic design<\/h2>\t\t\t\t<\/div>\n\t\t\t\t<\/div>\n\t\t\t\t<div class=\"elementor-element elementor-element-ae371fb elementor-widget elementor-widget-text-editor\" data-id=\"ae371fb\" data-element_type=\"widget\" data-e-type=\"widget\" data-widget_type=\"text-editor.default\">\n\t\t\t\t<div class=\"elementor-widget-container\">\n\t\t\t\t\t\t\t\t\t<p>Captivating design for print, online, and everything in between<\/p>\t\t\t\t\t\t\t\t<\/div>\n\t\t\t\t<\/div>\n\t\t\t\t<\/div>\n\t\t\t\t<\/div>\n\t\t<div class=\"elementor-element elementor-element-dc1977a e-con-full e-flex e-con e-child\" data-id=\"dc1977a\" data-element_type=\"container\" data-e-type=\"container\">\n\t\t<div class=\"elementor-element elementor-element-0f42b50 e-con-full e-flex e-con e-child\" data-id=\"0f42b50\" data-element_type=\"container\" data-e-type=\"container\" data-settings=\"{&quot;background_background&quot;:&quot;classic&quot;}\">\n\t\t\t\t<div class=\"elementor-element elementor-element-fca0860 elementor-widget elementor-widget-heading\" data-id=\"fca0860\" data-element_type=\"widget\" data-e-type=\"widget\" data-widget_type=\"heading.default\">\n\t\t\t\t<div class=\"elementor-widget-container\">\n\t\t\t\t\t<h2 class=\"elementor-heading-title elementor-size-default\">Logo design<\/h2>\t\t\t\t<\/div>\n\t\t\t\t<\/div>\n\t\t\t\t<div class=\"elementor-element elementor-element-2fbfed6 elementor-widget elementor-widget-text-editor\" data-id=\"2fbfed6\" data-element_type=\"widget\" data-e-type=\"widget\" data-widget_type=\"text-editor.default\">\n\t\t\t\t<div class=\"elementor-widget-container\">\n\t\t\t\t\t\t\t\t\t<p>The logo is the face of the brand \u2013 make it memorable, meaningful and distinctive, you can count on me for that<\/p>\t\t\t\t\t\t\t\t<\/div>\n\t\t\t\t<\/div>\n\t\t\t\t<\/div>\n\t\t<div class=\"elementor-element elementor-element-3bc1144 e-con-full e-flex e-con e-child\" data-id=\"3bc1144\" data-element_type=\"container\" data-e-type=\"container\" data-settings=\"{&quot;background_background&quot;:&quot;classic&quot;}\">\n\t\t\t\t<div class=\"elementor-element elementor-element-c6d1f0c elementor-widget elementor-widget-heading\" data-id=\"c6d1f0c\" data-element_type=\"widget\" data-e-type=\"widget\" data-widget_type=\"heading.default\">\n\t\t\t\t<div class=\"elementor-widget-container\">\n\t\t\t\t\t<h2 class=\"elementor-heading-title elementor-size-default\">Brand design<\/h2>\t\t\t\t<\/div>\n\t\t\t\t<\/div>\n\t\t\t\t<div class=\"elementor-element elementor-element-0c5b917 elementor-widget elementor-widget-text-editor\" data-id=\"0c5b917\" data-element_type=\"widget\" data-e-type=\"widget\" data-widget_type=\"text-editor.default\">\n\t\t\t\t<div class=\"elementor-widget-container\">\n\t\t\t\t\t\t\t\t\t<p>A cohesive visual identity not only tells your brand's story, but also leaves a lasting impression<\/p>\t\t\t\t\t\t\t\t<\/div>\n\t\t\t\t<\/div>\n\t\t\t\t<\/div>\n\t\t\t\t<\/div>\n\t\t\t\t<\/div>\n\t\t<footer class=\"elementor-element elementor-element-5cdadea e-con-full e-flex e-con e-child\" data-id=\"5cdadea\" data-element_type=\"container\" data-e-type=\"container\" data-settings=\"{&quot;background_background&quot;:&quot;classic&quot;}\">\n\t\t<div class=\"elementor-element elementor-element-1e28d4a e-con-full e-flex e-con e-child\" data-id=\"1e28d4a\" data-element_type=\"container\" data-e-type=\"container\" data-settings=\"{&quot;background_background&quot;:&quot;classic&quot;,&quot;position&quot;:&quot;absolute&quot;}\">\n\t\t<div class=\"elementor-element elementor-element-aa710cf e-con-full e-flex e-con e-child\" data-id=\"aa710cf\" data-element_type=\"container\" data-e-type=\"container\">\n\t\t\t\t<div class=\"elementor-element elementor-element-5d76c0b elementor-widget elementor-widget-heading\" data-id=\"5d76c0b\" data-element_type=\"widget\" data-e-type=\"widget\" data-widget_type=\"heading.default\">\n\t\t\t\t<div class=\"elementor-widget-container\">\n\t\t\t\t\t<h2 class=\"elementor-heading-title elementor-size-default\">Let's work together!<\/h2>\t\t\t\t<\/div>\n\t\t\t\t<\/div>\n\t\t\t\t<div class=\"elementor-element elementor-element-365fe99 elementor-widget elementor-widget-text-editor\" data-id=\"365fe99\" data-element_type=\"widget\" data-e-type=\"widget\" data-widget_type=\"text-editor.default\">\n\t\t\t\t<div class=\"elementor-widget-container\">\n\t\t\t\t\t\t\t\t\t<p>Do you have a cool project or question? Or just want to hear more about the possibilities? I can't wait to hear from you!<\/p>\t\t\t\t\t\t\t\t<\/div>\n\t\t\t\t<\/div>\n\t\t\t\t<\/div>\n\t\t\t\t<div class=\"elementor-element elementor-element-8aad3cf elementor-align-center elementor-widget elementor-widget-button\" data-id=\"8aad3cf\" data-element_type=\"widget\" data-e-type=\"widget\" data-widget_type=\"button.default\">\n\t\t\t\t<div class=\"elementor-widget-container\">\n\t\t\t\t\t\t\t\t\t<div class=\"elementor-button-wrapper\">\n\t\t\t\t\t<a class=\"elementor-button elementor-button-link elementor-size-sm\" href=\"https:\/\/yarrowisaac.com\/en\/kapcsolat\/\">\n\t\t\t\t\t\t<span class=\"elementor-button-content-wrapper\">\n\t\t\t\t\t\t\t\t\t<span class=\"elementor-button-text\">Let's connect<\/span>\n\t\t\t\t\t<\/span>\n\t\t\t\t\t<\/a>\n\t\t\t\t<\/div>\n\t\t\t\t\t\t\t\t<\/div>\n\t\t\t\t<\/div>\n\t\t\t\t<\/div>\n\t\t<div class=\"elementor-element elementor-element-8f10523 e-con-full e-flex e-con e-child\" data-id=\"8f10523\" data-element_type=\"container\" data-e-type=\"container\">\n\t\t\t\t<div class=\"elementor-element elementor-element-a8096bd elementor-widget elementor-widget-text-editor\" data-id=\"a8096bd\" data-element_type=\"widget\" data-e-type=\"widget\" data-widget_type=\"text-editor.default\">\n\t\t\t\t<div class=\"elementor-widget-container\">\n\t\t\t\t\t\t\t\t\t<p>Yarrow Isaac<\/p>\t\t\t\t\t\t\t\t<\/div>\n\t\t\t\t<\/div>\n\t\t\t\t<div class=\"elementor-element elementor-element-3696101 elementor-widget elementor-widget-text-editor\" data-id=\"3696101\" data-element_type=\"widget\" data-e-type=\"widget\" data-widget_type=\"text-editor.default\">\n\t\t\t\t<div class=\"elementor-widget-container\">\n\t\t\t\t\t\t\t\t\t<p>hello@yarrowisaac.com<\/p>\t\t\t\t\t\t\t\t<\/div>\n\t\t\t\t<\/div>\n\t\t\t\t<\/div>\n\t\t<div class=\"elementor-element elementor-element-a429adb e-con-full e-flex e-con e-child\" data-id=\"a429adb\" data-element_type=\"container\" data-e-type=\"container\">\n\t\t\t\t<div class=\"elementor-element elementor-element-18b4120 elementor-view-default elementor-widget elementor-widget-icon\" data-id=\"18b4120\" data-element_type=\"widget\" data-e-type=\"widget\" data-widget_type=\"icon.default\">\n\t\t\t\t<div class=\"elementor-widget-container\">\n\t\t\t\t\t\t\t<div class=\"elementor-icon-wrapper\">\n\t\t\t<a class=\"elementor-icon\" href=\"https:\/\/www.linkedin.com\/in\/rebeka-izs%C3%A1k-384799197\/\" target=\"_blank\">\n\t\t\t<svg aria-hidden=\"true\" class=\"e-font-icon-svg e-fab-linkedin\" viewbox=\"0 0 448 512\" xmlns=\"http:\/\/www.w3.org\/2000\/svg\"><path d=\"M416 32H31.9C14.3 32 0 46.5 0 64.3v383.4C0 465.5 14.3 480 31.9 480H416c17.6 0 32-14.5 32-32.3V64.3c0-17.8-14.4-32.3-32-32.3zM135.4 416H69V202.2h66.5V416zm-33.2-243c-21.3 0-38.5-17.3-38.5-38.5S80.9 96 102.2 96c21.2 0 38.5 17.3 38.5 38.5 0 21.3-17.2 38.5-38.5 38.5zm282.1 243h-66.4V312c0-24.8-.5-56.7-34.5-56.7-34.6 0-39.9 27-39.9 54.9V416h-66.4V202.2h63.7v29.2h.9c8.9-16.8 30.6-34.5 62.9-34.5 67.2 0 79.7 44.3 79.7 101.9V416z\"><\/path><\/svg>\t\t\t<\/a>\n\t\t<\/div>\n\t\t\t\t\t\t<\/div>\n\t\t\t\t<\/div>\n\t\t\t\t<div class=\"elementor-element elementor-element-9941b46 elementor-view-default elementor-widget elementor-widget-icon\" data-id=\"9941b46\" data-element_type=\"widget\" data-e-type=\"widget\" data-widget_type=\"icon.default\">\n\t\t\t\t<div class=\"elementor-widget-container\">\n\t\t\t\t\t\t\t<div class=\"elementor-icon-wrapper\">\n\t\t\t<a class=\"elementor-icon\" href=\"https:\/\/www.behance.net\/rebekaizsk\" target=\"_blank\">\n\t\t\t<svg aria-hidden=\"true\" class=\"e-font-icon-svg e-fab-behance-square\" viewbox=\"0 0 448 512\" xmlns=\"http:\/\/www.w3.org\/2000\/svg\"><path d=\"M186.5 293c0 19.3-14 25.4-31.2 25.4h-45.1v-52.9h46c18.6.1 30.3 7.8 30.3 27.5zm-7.7-82.3c0-17.7-13.7-21.9-28.9-21.9h-39.6v44.8H153c15.1 0 25.8-6.6 25.8-22.9zm132.3 23.2c-18.3 0-30.5 11.4-31.7 29.7h62.2c-1.7-18.5-11.3-29.7-30.5-29.7zM448 80v352c0 26.5-21.5 48-48 48H48c-26.5 0-48-21.5-48-48V80c0-26.5 21.5-48 48-48h352c26.5 0 48 21.5 48 48zM271.7 185h77.8v-18.9h-77.8V185zm-43 110.3c0-24.1-11.4-44.9-35-51.6 17.2-8.2 26.2-17.7 26.2-37 0-38.2-28.5-47.5-61.4-47.5H68v192h93.1c34.9-.2 67.6-16.9 67.6-55.9zM380 280.5c0-41.1-24.1-75.4-67.6-75.4-42.4 0-71.1 31.8-71.1 73.6 0 43.3 27.3 73 71.1 73 33.2 0 54.7-14.9 65.1-46.8h-33.7c-3.7 11.9-18.6 18.1-30.2 18.1-22.4 0-34.1-13.1-34.1-35.3h100.2c.1-2.3.3-4.8.3-7.2z\"><\/path><\/svg>\t\t\t<\/a>\n\t\t<\/div>\n\t\t\t\t\t\t<\/div>\n\t\t\t\t<\/div>\n\t\t\t\t<\/div>\n\t\t\t\t<\/footer>\n\t\t\t\t<\/div>\n\t\t\t\t\t<\/div>\n\t\t\t\t<\/div>\n\t\t\t\t<\/div>","protected":false},"excerpt":{"rendered":"<p>Tervez\u0151 vagyok, aki klassz dolgokat k\u00e9sz\u00edt Log\u00f3, arculat, alkalmaz\u00e1s, \u00e9s b\u00e1rmilyen l\u00e1tv\u00e1nyelem &#8211; ha valami olyanra van sz\u00fcks\u00e9ged, ami j\u00f3l n\u00e9z ki \u00e9s m\u0171k\u00f6dik mint a var\u00e1zslat, akkor a legjobb helyen j\u00e1rsz! Fedezd fel UX\/UI design Seg\u00edtek, hogy appod vagy weboldalad ne csak sz\u00e9p, de felhaszn\u00e1l\u00f3bar\u00e1t \u00e9s intuit\u00edv is legyen Grafikai tervez\u00e9s Megfog\u00f3 design nyomtat\u00e1shoz, [&hellip;]<\/p>\n","protected":false},"author":1,"featured_media":0,"parent":0,"menu_order":0,"comment_status":"closed","ping_status":"closed","template":"","meta":{"_acf_changed":false,"inline_featured_image":false,"footnotes":""},"class_list":["post-302","page","type-page","status-publish","hentry"],"acf":[],"yoast_head":"<!-- This site is optimized with the Yoast SEO plugin v27.4 - https:\/\/yoast.com\/product\/yoast-seo-wordpress\/ -->\n<title>Yarrow Isaac portfolio site<\/title>\n<meta name=\"description\" content=\"Logo, brand, app, and everything visual - if you need something that looks great and works like magic, you are at the best place!\" \/>\n<meta name=\"robots\" content=\"index, follow, max-snippet:-1, max-image-preview:large, max-video-preview:-1\" \/>\n<link rel=\"canonical\" href=\"https:\/\/yarrowisaac.com\/en\/\" \/>\n<meta property=\"og:locale\" content=\"en_US\" \/>\n<meta property=\"og:type\" content=\"article\" \/>\n<meta property=\"og:title\" content=\"Yarrow Isaac portfolio site\" \/>\n<meta property=\"og:description\" content=\"UX\/UI designer and Graphic Designer potfolio\" \/>\n<meta property=\"og:url\" content=\"https:\/\/yarrowisaac.com\/en\/\" \/>\n<meta property=\"og:site_name\" content=\"Yarrow Isaac portfolio site\" \/>\n<meta property=\"article:modified_time\" content=\"2025-07-22T18:01:57+00:00\" \/>\n<meta property=\"og:image\" content=\"https:\/\/yarrowisaac.com\/wp-content\/uploads\/2025\/07\/mylogo_2025_color.png\" \/>\n\t<meta property=\"og:image:width\" content=\"1304\" \/>\n\t<meta property=\"og:image:height\" content=\"1451\" \/>\n\t<meta property=\"og:image:type\" content=\"image\/png\" \/>\n<meta name=\"twitter:card\" content=\"summary_large_image\" \/>\n<meta name=\"twitter:title\" content=\"Yarrow Isaac portfolio site\" \/>\n<meta name=\"twitter:description\" content=\"UX\/UI designer and Graphic Designer potfolio\" \/>\n<meta name=\"twitter:image\" content=\"https:\/\/yarrowisaac.com\/wp-content\/uploads\/2025\/07\/mylogo_2025_color.png\" \/>\n<meta name=\"twitter:label1\" content=\"Est. reading time\" \/>\n\t<meta name=\"twitter:data1\" content=\"1 minute\" \/>\n<script type=\"application\/ld+json\" class=\"yoast-schema-graph\">{\"@context\":\"https:\\\/\\\/schema.org\",\"@graph\":[{\"@type\":\"WebPage\",\"@id\":\"https:\\\/\\\/yarrowisaac.com\\\/\",\"url\":\"https:\\\/\\\/yarrowisaac.com\\\/\",\"name\":\"Yarrow Isaac portfolio site\",\"isPartOf\":{\"@id\":\"https:\\\/\\\/yarrowisaac.com\\\/#website\"},\"datePublished\":\"2025-05-18T16:40:21+00:00\",\"dateModified\":\"2025-07-22T18:01:57+00:00\",\"description\":\"Logo, brand, app, and everything visual - if you need something that looks great and works like magic, you are at the best place!\",\"breadcrumb\":{\"@id\":\"https:\\\/\\\/yarrowisaac.com\\\/#breadcrumb\"},\"inLanguage\":\"en-US\",\"potentialAction\":[{\"@type\":\"ReadAction\",\"target\":[\"https:\\\/\\\/yarrowisaac.com\\\/\"]}]},{\"@type\":\"BreadcrumbList\",\"@id\":\"https:\\\/\\\/yarrowisaac.com\\\/#breadcrumb\",\"itemListElement\":[{\"@type\":\"ListItem\",\"position\":1,\"name\":\"Kezd\u0151lap\",\"item\":\"https:\\\/\\\/yarrowisaac.com\\\/\"},{\"@type\":\"ListItem\",\"position\":2,\"name\":\"F\u0151oldal\"}]},{\"@type\":\"WebSite\",\"@id\":\"https:\\\/\\\/yarrowisaac.com\\\/#website\",\"url\":\"https:\\\/\\\/yarrowisaac.com\\\/\",\"name\":\"Yarrow Isaac portfolio site\",\"description\":\"UX\\\/UI designer and Graphic Designer potfolio\",\"publisher\":{\"@id\":\"https:\\\/\\\/yarrowisaac.com\\\/#\\\/schema\\\/person\\\/8df4a6067d8b84f4dd481d50a4bbafaa\"},\"potentialAction\":[{\"@type\":\"SearchAction\",\"target\":{\"@type\":\"EntryPoint\",\"urlTemplate\":\"https:\\\/\\\/yarrowisaac.com\\\/?s={search_term_string}\"},\"query-input\":{\"@type\":\"PropertyValueSpecification\",\"valueRequired\":true,\"valueName\":\"search_term_string\"}}],\"inLanguage\":\"en-US\"},{\"@type\":[\"Person\",\"Organization\"],\"@id\":\"https:\\\/\\\/yarrowisaac.com\\\/#\\\/schema\\\/person\\\/8df4a6067d8b84f4dd481d50a4bbafaa\",\"name\":\"Yarrow Isaac\",\"image\":{\"@type\":\"ImageObject\",\"inLanguage\":\"en-US\",\"@id\":\"https:\\\/\\\/yarrowisaac.com\\\/wp-content\\\/uploads\\\/2025\\\/04\\\/yarrowisaac_logo_wide.png\",\"url\":\"https:\\\/\\\/yarrowisaac.com\\\/wp-content\\\/uploads\\\/2025\\\/04\\\/yarrowisaac_logo_wide.png\",\"contentUrl\":\"https:\\\/\\\/yarrowisaac.com\\\/wp-content\\\/uploads\\\/2025\\\/04\\\/yarrowisaac_logo_wide.png\",\"width\":350,\"height\":100,\"caption\":\"Yarrow Isaac\"},\"logo\":{\"@id\":\"https:\\\/\\\/yarrowisaac.com\\\/wp-content\\\/uploads\\\/2025\\\/04\\\/yarrowisaac_logo_wide.png\"},\"sameAs\":[\"https:\\\/\\\/yarrowisaac.com\"]}]}<\/script>\n<!-- \/ Yoast SEO plugin. -->","yoast_head_json":{"title":"Yarrow Isaac portfolio site","description":"Logo, brand, app, and everything visual - if you need something that looks great and works like magic, you are at the best place!","robots":{"index":"index","follow":"follow","max-snippet":"max-snippet:-1","max-image-preview":"max-image-preview:large","max-video-preview":"max-video-preview:-1"},"canonical":"https:\/\/yarrowisaac.com\/en\/","og_locale":"en_US","og_type":"article","og_title":"Yarrow Isaac portfolio site","og_description":"UX\/UI designer and Graphic Designer potfolio","og_url":"https:\/\/yarrowisaac.com\/en\/","og_site_name":"Yarrow Isaac portfolio site","article_modified_time":"2025-07-22T18:01:57+00:00","og_image":[{"width":1304,"height":1451,"url":"https:\/\/yarrowisaac.com\/wp-content\/uploads\/2025\/07\/mylogo_2025_color.png","type":"image\/png"}],"twitter_card":"summary_large_image","twitter_title":"Yarrow Isaac portfolio site","twitter_description":"UX\/UI designer and Graphic Designer potfolio","twitter_image":"https:\/\/yarrowisaac.com\/wp-content\/uploads\/2025\/07\/mylogo_2025_color.png","twitter_misc":{"Est. reading time":"1 minute"},"schema":{"@context":"https:\/\/schema.org","@graph":[{"@type":"WebPage","@id":"https:\/\/yarrowisaac.com\/","url":"https:\/\/yarrowisaac.com\/","name":"Yarrow Isaac portfolio site","isPartOf":{"@id":"https:\/\/yarrowisaac.com\/#website"},"datePublished":"2025-05-18T16:40:21+00:00","dateModified":"2025-07-22T18:01:57+00:00","description":"Logo, brand, app, and everything visual - if you need something that looks great and works like magic, you are at the best place!","breadcrumb":{"@id":"https:\/\/yarrowisaac.com\/#breadcrumb"},"inLanguage":"en-US","potentialAction":[{"@type":"ReadAction","target":["https:\/\/yarrowisaac.com\/"]}]},{"@type":"BreadcrumbList","@id":"https:\/\/yarrowisaac.com\/#breadcrumb","itemListElement":[{"@type":"ListItem","position":1,"name":"Kezd\u0151lap","item":"https:\/\/yarrowisaac.com\/"},{"@type":"ListItem","position":2,"name":"F\u0151oldal"}]},{"@type":"WebSite","@id":"https:\/\/yarrowisaac.com\/#website","url":"https:\/\/yarrowisaac.com\/","name":"Yarrow Isaac portfolio site","description":"UX\/UI designer and Graphic Designer potfolio","publisher":{"@id":"https:\/\/yarrowisaac.com\/#\/schema\/person\/8df4a6067d8b84f4dd481d50a4bbafaa"},"potentialAction":[{"@type":"SearchAction","target":{"@type":"EntryPoint","urlTemplate":"https:\/\/yarrowisaac.com\/?s={search_term_string}"},"query-input":{"@type":"PropertyValueSpecification","valueRequired":true,"valueName":"search_term_string"}}],"inLanguage":"en-US"},{"@type":["Person","Organization"],"@id":"https:\/\/yarrowisaac.com\/#\/schema\/person\/8df4a6067d8b84f4dd481d50a4bbafaa","name":"Yarrow Isaac","image":{"@type":"ImageObject","inLanguage":"en-US","@id":"https:\/\/yarrowisaac.com\/wp-content\/uploads\/2025\/04\/yarrowisaac_logo_wide.png","url":"https:\/\/yarrowisaac.com\/wp-content\/uploads\/2025\/04\/yarrowisaac_logo_wide.png","contentUrl":"https:\/\/yarrowisaac.com\/wp-content\/uploads\/2025\/04\/yarrowisaac_logo_wide.png","width":350,"height":100,"caption":"Yarrow Isaac"},"logo":{"@id":"https:\/\/yarrowisaac.com\/wp-content\/uploads\/2025\/04\/yarrowisaac_logo_wide.png"},"sameAs":["https:\/\/yarrowisaac.com"]}]}},"_links":{"self":[{"href":"https:\/\/yarrowisaac.com\/en\/wp-json\/wp\/v2\/pages\/302","targetHints":{"allow":["GET"]}}],"collection":[{"href":"https:\/\/yarrowisaac.com\/en\/wp-json\/wp\/v2\/pages"}],"about":[{"href":"https:\/\/yarrowisaac.com\/en\/wp-json\/wp\/v2\/types\/page"}],"author":[{"embeddable":true,"href":"https:\/\/yarrowisaac.com\/en\/wp-json\/wp\/v2\/users\/1"}],"replies":[{"embeddable":true,"href":"https:\/\/yarrowisaac.com\/en\/wp-json\/wp\/v2\/comments?post=302"}],"version-history":[{"count":491,"href":"https:\/\/yarrowisaac.com\/en\/wp-json\/wp\/v2\/pages\/302\/revisions"}],"predecessor-version":[{"id":2774,"href":"https:\/\/yarrowisaac.com\/en\/wp-json\/wp\/v2\/pages\/302\/revisions\/2774"}],"wp:attachment":[{"href":"https:\/\/yarrowisaac.com\/en\/wp-json\/wp\/v2\/media?parent=302"}],"curies":[{"name":"wp","href":"https:\/\/api.w.org\/{rel}","templated":true}]}}