{"id":1622,"date":"2025-06-07T16:23:55","date_gmt":"2025-06-07T14:23:55","guid":{"rendered":"https:\/\/izsak-rebeka.holloka-uxuikepzes.hu\/?page_id=1622"},"modified":"2025-07-18T11:23:22","modified_gmt":"2025-07-18T09:23:22","slug":"portfolio-logofolio","status":"publish","type":"page","link":"https:\/\/yarrowisaac.com\/en\/portfolio-logofolio\/","title":{"rendered":"Portfolio-Logofolio"},"content":{"rendered":"<div data-elementor-type=\"wp-page\" data-elementor-id=\"1622\" class=\"elementor elementor-1622\" data-elementor-post-type=\"page\">\n\t\t\t\t<div class=\"elementor-element elementor-element-2c94fd6 e-flex e-con-boxed e-con e-parent\" data-id=\"2c94fd6\" data-element_type=\"container\" data-e-type=\"container\">\n\t\t\t\t\t<div class=\"e-con-inner\">\n\t\t<div class=\"elementor-element elementor-element-919c87f e-con-full e-flex e-con e-child\" data-id=\"919c87f\" data-element_type=\"container\" data-e-type=\"container\" data-settings=\"{&quot;background_background&quot;:&quot;classic&quot;}\">\n\t\t<div class=\"elementor-element elementor-element-d39de80 e-con-full e-flex e-con e-child\" data-id=\"d39de80\" data-element_type=\"container\" data-e-type=\"container\">\n\t\t<div class=\"elementor-element elementor-element-41acc34 e-con-full e-flex e-con e-child\" data-id=\"41acc34\" data-element_type=\"container\" data-e-type=\"container\" data-settings=\"{&quot;background_background&quot;:&quot;classic&quot;}\">\n\t\t\t\t<div class=\"elementor-element elementor-element-6d8f06c elementor-widget-mobile_extra__width-initial elementor-widget elementor-widget-image\" data-id=\"6d8f06c\" data-element_type=\"widget\" data-e-type=\"widget\" data-widget_type=\"image.default\">\n\t\t\t\t<div class=\"elementor-widget-container\">\n\t\t\t\t\t\t\t\t\t\t\t\t\t\t\t<img fetchpriority=\"high\" decoding=\"async\" width=\"1498\" height=\"1000\" src=\"https:\/\/yarrowisaac.com\/wp-content\/uploads\/2025\/06\/logok.webp\" class=\"attachment-full size-full wp-image-2282\" alt=\"\" srcset=\"https:\/\/yarrowisaac.com\/wp-content\/uploads\/2025\/06\/logok.webp 1498w, https:\/\/yarrowisaac.com\/wp-content\/uploads\/2025\/06\/logok-300x200.webp 300w, https:\/\/yarrowisaac.com\/wp-content\/uploads\/2025\/06\/logok-1024x684.webp 1024w, https:\/\/yarrowisaac.com\/wp-content\/uploads\/2025\/06\/logok-768x513.webp 768w\" sizes=\"(max-width: 1498px) 100vw, 1498px\" \/>\t\t\t\t\t\t\t\t\t\t\t\t\t\t\t<\/div>\n\t\t\t\t<\/div>\n\t\t\t\t<\/div>\n\t\t<div class=\"elementor-element elementor-element-8da2b28 e-con-full e-flex e-con e-child\" data-id=\"8da2b28\" data-element_type=\"container\" data-e-type=\"container\" data-settings=\"{&quot;background_background&quot;:&quot;classic&quot;,&quot;position&quot;:&quot;absolute&quot;}\">\n\t\t<div class=\"elementor-element elementor-element-833c241 e-con-full e-flex e-con e-child\" data-id=\"833c241\" data-element_type=\"container\" data-e-type=\"container\">\n\t\t\t\t<div class=\"elementor-element elementor-element-bd1dadc elementor-widget elementor-widget-heading\" data-id=\"bd1dadc\" data-element_type=\"widget\" data-e-type=\"widget\" data-widget_type=\"heading.default\">\n\t\t\t\t<div class=\"elementor-widget-container\">\n\t\t\t\t\t<h2 class=\"elementor-heading-title elementor-size-default\">Logofolio<\/h2>\t\t\t\t<\/div>\n\t\t\t\t<\/div>\n\t\t\t\t<div class=\"elementor-element elementor-element-4474fe1 elementor-widget elementor-widget-text-editor\" data-id=\"4474fe1\" data-element_type=\"widget\" data-e-type=\"widget\" data-widget_type=\"text-editor.default\">\n\t\t\t\t<div class=\"elementor-widget-container\">\n\t\t\t\t\t\t\t\t\t<p>I collected logos I've created over the years, each with its own unique story and visual concept. I hope this selection provides an inspiring insight into my approach.<\/p>\t\t\t\t\t\t\t\t<\/div>\n\t\t\t\t<\/div>\n\t\t\t\t<\/div>\n\t\t\t\t<\/div>\n\t\t\t\t<\/div>\n\t\t<div class=\"elementor-element elementor-element-2b4f553 e-con-full e-flex e-con e-child\" data-id=\"2b4f553\" data-element_type=\"container\" data-e-type=\"container\">\n\t\t<div class=\"elementor-element elementor-element-f2c9a10 e-con-full e-flex e-con e-child\" data-id=\"f2c9a10\" data-element_type=\"container\" data-e-type=\"container\">\n\t\t\t\t<div class=\"elementor-element elementor-element-2514675 elementor-widget elementor-widget-gallery\" data-id=\"2514675\" data-element_type=\"widget\" data-e-type=\"widget\" data-settings=\"{&quot;columns&quot;:3,&quot;gap&quot;:{&quot;unit&quot;:&quot;px&quot;,&quot;size&quot;:24,&quot;sizes&quot;:[]},&quot;columns_mobile_extra&quot;:2,&quot;gap_mobile_extra&quot;:{&quot;unit&quot;:&quot;px&quot;,&quot;size&quot;:24,&quot;sizes&quot;:[]},&quot;gap_mobile&quot;:{&quot;unit&quot;:&quot;px&quot;,&quot;size&quot;:24,&quot;sizes&quot;:[]},&quot;gap_tablet_extra&quot;:{&quot;unit&quot;:&quot;px&quot;,&quot;size&quot;:24,&quot;sizes&quot;:[]},&quot;gap_tablet&quot;:{&quot;unit&quot;:&quot;px&quot;,&quot;size&quot;:24,&quot;sizes&quot;:[]},&quot;aspect_ratio&quot;:&quot;16:9&quot;,&quot;columns_tablet_extra&quot;:3,&quot;columns_tablet&quot;:3,&quot;gallery_layout&quot;:&quot;grid&quot;,&quot;columns_mobile&quot;:1,&quot;link_to&quot;:&quot;file&quot;,&quot;overlay_background&quot;:&quot;yes&quot;,&quot;content_hover_animation&quot;:&quot;fade-in&quot;}\" data-widget_type=\"gallery.default\">\n\t\t\t\t<div class=\"elementor-widget-container\">\n\t\t\t\t\t\t\t<div class=\"elementor-gallery__container\">\n\t\t\t\t\t\t\t<a class=\"e-gallery-item elementor-gallery-item elementor-animated-content\" href=\"https:\/\/yarrowisaac.com\/wp-content\/uploads\/2025\/06\/peet.webp\" data-elementor-open-lightbox=\"yes\" data-elementor-lightbox-slideshow=\"2514675\" data-elementor-lightbox-title=\"peet\" data-e-action-hash=\"#elementor-action%3Aaction%3Dlightbox%26settings%3DeyJpZCI6MjE1OCwidXJsIjoiaHR0cHM6XC9cL3lhcnJvd2lzYWFjLmNvbVwvd3AtY29udGVudFwvdXBsb2Fkc1wvMjAyNVwvMDZcL3BlZXQud2VicCIsInNsaWRlc2hvdyI6IjI1MTQ2NzUifQ%3D%3D\">\n\t\t\t\t\t<div class=\"e-gallery-image elementor-gallery-item__image\" data-thumbnail=\"https:\/\/yarrowisaac.com\/wp-content\/uploads\/2025\/06\/peet.webp\" data-width=\"1400\" data-height=\"500\" aria-label=\"\" role=\"img\" ><\/div>\n\t\t\t\t\t\t\t\t\t\t\t<div class=\"elementor-gallery-item__overlay\"><\/div>\n\t\t\t\t\t\t\t\t\t\t\t\t\t\t<\/a>\n\t\t\t\t\t\t\t<a class=\"e-gallery-item elementor-gallery-item elementor-animated-content\" href=\"https:\/\/yarrowisaac.com\/wp-content\/uploads\/2025\/06\/noe.webp\" data-elementor-open-lightbox=\"yes\" data-elementor-lightbox-slideshow=\"2514675\" data-elementor-lightbox-title=\"noe\" data-e-action-hash=\"#elementor-action%3Aaction%3Dlightbox%26settings%3DeyJpZCI6MjE1OSwidXJsIjoiaHR0cHM6XC9cL3lhcnJvd2lzYWFjLmNvbVwvd3AtY29udGVudFwvdXBsb2Fkc1wvMjAyNVwvMDZcL25vZS53ZWJwIiwic2xpZGVzaG93IjoiMjUxNDY3NSJ9\">\n\t\t\t\t\t<div class=\"e-gallery-image elementor-gallery-item__image\" data-thumbnail=\"https:\/\/yarrowisaac.com\/wp-content\/uploads\/2025\/06\/noe.webp\" data-width=\"1400\" data-height=\"500\" aria-label=\"\" role=\"img\" ><\/div>\n\t\t\t\t\t\t\t\t\t\t\t<div class=\"elementor-gallery-item__overlay\"><\/div>\n\t\t\t\t\t\t\t\t\t\t\t\t\t\t<\/a>\n\t\t\t\t\t\t\t<a class=\"e-gallery-item elementor-gallery-item elementor-animated-content\" href=\"https:\/\/yarrowisaac.com\/wp-content\/uploads\/2025\/06\/gentleman.webp\" data-elementor-open-lightbox=\"yes\" data-elementor-lightbox-slideshow=\"2514675\" data-elementor-lightbox-title=\"gentleman\" data-e-action-hash=\"#elementor-action%3Aaction%3Dlightbox%26settings%3DeyJpZCI6MjE2MCwidXJsIjoiaHR0cHM6XC9cL3lhcnJvd2lzYWFjLmNvbVwvd3AtY29udGVudFwvdXBsb2Fkc1wvMjAyNVwvMDZcL2dlbnRsZW1hbi53ZWJwIiwic2xpZGVzaG93IjoiMjUxNDY3NSJ9\">\n\t\t\t\t\t<div class=\"e-gallery-image elementor-gallery-item__image\" data-thumbnail=\"https:\/\/yarrowisaac.com\/wp-content\/uploads\/2025\/06\/gentleman.webp\" data-width=\"1400\" data-height=\"500\" aria-label=\"\" role=\"img\" ><\/div>\n\t\t\t\t\t\t\t\t\t\t\t<div class=\"elementor-gallery-item__overlay\"><\/div>\n\t\t\t\t\t\t\t\t\t\t\t\t\t\t<\/a>\n\t\t\t\t\t\t\t<a class=\"e-gallery-item elementor-gallery-item elementor-animated-content\" href=\"https:\/\/yarrowisaac.com\/wp-content\/uploads\/2025\/06\/etyek.webp\" data-elementor-open-lightbox=\"yes\" data-elementor-lightbox-slideshow=\"2514675\" data-elementor-lightbox-title=\"etyek\" data-e-action-hash=\"#elementor-action%3Aaction%3Dlightbox%26settings%3DeyJpZCI6MjE2MSwidXJsIjoiaHR0cHM6XC9cL3lhcnJvd2lzYWFjLmNvbVwvd3AtY29udGVudFwvdXBsb2Fkc1wvMjAyNVwvMDZcL2V0eWVrLndlYnAiLCJzbGlkZXNob3ciOiIyNTE0Njc1In0%3D\">\n\t\t\t\t\t<div class=\"e-gallery-image elementor-gallery-item__image\" data-thumbnail=\"https:\/\/yarrowisaac.com\/wp-content\/uploads\/2025\/06\/etyek.webp\" data-width=\"1400\" data-height=\"500\" aria-label=\"\" role=\"img\" ><\/div>\n\t\t\t\t\t\t\t\t\t\t\t<div class=\"elementor-gallery-item__overlay\"><\/div>\n\t\t\t\t\t\t\t\t\t\t\t\t\t\t<\/a>\n\t\t\t\t\t\t\t<a class=\"e-gallery-item elementor-gallery-item elementor-animated-content\" href=\"https:\/\/yarrowisaac.com\/wp-content\/uploads\/2025\/06\/abbott.webp\" data-elementor-open-lightbox=\"yes\" data-elementor-lightbox-slideshow=\"2514675\" data-elementor-lightbox-title=\"abbott\" data-e-action-hash=\"#elementor-action%3Aaction%3Dlightbox%26settings%3DeyJpZCI6MjE2MiwidXJsIjoiaHR0cHM6XC9cL3lhcnJvd2lzYWFjLmNvbVwvd3AtY29udGVudFwvdXBsb2Fkc1wvMjAyNVwvMDZcL2FiYm90dC53ZWJwIiwic2xpZGVzaG93IjoiMjUxNDY3NSJ9\">\n\t\t\t\t\t<div class=\"e-gallery-image elementor-gallery-item__image\" data-thumbnail=\"https:\/\/yarrowisaac.com\/wp-content\/uploads\/2025\/06\/abbott.webp\" data-width=\"1400\" data-height=\"500\" aria-label=\"\" role=\"img\" ><\/div>\n\t\t\t\t\t\t\t\t\t\t\t<div class=\"elementor-gallery-item__overlay\"><\/div>\n\t\t\t\t\t\t\t\t\t\t\t\t\t\t<\/a>\n\t\t\t\t\t\t\t<a class=\"e-gallery-item elementor-gallery-item elementor-animated-content\" href=\"https:\/\/yarrowisaac.com\/wp-content\/uploads\/2025\/06\/ping.webp\" data-elementor-open-lightbox=\"yes\" data-elementor-lightbox-slideshow=\"2514675\" data-elementor-lightbox-title=\"ping\" data-e-action-hash=\"#elementor-action%3Aaction%3Dlightbox%26settings%3DeyJpZCI6MjMwOCwidXJsIjoiaHR0cHM6XC9cL3lhcnJvd2lzYWFjLmNvbVwvd3AtY29udGVudFwvdXBsb2Fkc1wvMjAyNVwvMDZcL3Bpbmcud2VicCIsInNsaWRlc2hvdyI6IjI1MTQ2NzUifQ%3D%3D\">\n\t\t\t\t\t<div class=\"e-gallery-image elementor-gallery-item__image\" data-thumbnail=\"https:\/\/yarrowisaac.com\/wp-content\/uploads\/2025\/06\/ping.webp\" data-width=\"1400\" data-height=\"500\" aria-label=\"\" role=\"img\" ><\/div>\n\t\t\t\t\t\t\t\t\t\t\t<div class=\"elementor-gallery-item__overlay\"><\/div>\n\t\t\t\t\t\t\t\t\t\t\t\t\t\t<\/a>\n\t\t\t\t\t\t\t<a class=\"e-gallery-item elementor-gallery-item elementor-animated-content\" href=\"https:\/\/yarrowisaac.com\/wp-content\/uploads\/2025\/06\/v2.webp\" data-elementor-open-lightbox=\"yes\" data-elementor-lightbox-slideshow=\"2514675\" data-elementor-lightbox-title=\"v2\" data-e-action-hash=\"#elementor-action%3Aaction%3Dlightbox%26settings%3DeyJpZCI6MjMwNiwidXJsIjoiaHR0cHM6XC9cL3lhcnJvd2lzYWFjLmNvbVwvd3AtY29udGVudFwvdXBsb2Fkc1wvMjAyNVwvMDZcL3YyLndlYnAiLCJzbGlkZXNob3ciOiIyNTE0Njc1In0%3D\">\n\t\t\t\t\t<div class=\"e-gallery-image elementor-gallery-item__image\" data-thumbnail=\"https:\/\/yarrowisaac.com\/wp-content\/uploads\/2025\/06\/v2.webp\" data-width=\"1400\" data-height=\"500\" aria-label=\"\" role=\"img\" ><\/div>\n\t\t\t\t\t\t\t\t\t\t\t<div class=\"elementor-gallery-item__overlay\"><\/div>\n\t\t\t\t\t\t\t\t\t\t\t\t\t\t<\/a>\n\t\t\t\t\t\t\t<a class=\"e-gallery-item elementor-gallery-item elementor-animated-content\" href=\"https:\/\/yarrowisaac.com\/wp-content\/uploads\/2025\/06\/wildlife.webp\" data-elementor-open-lightbox=\"yes\" data-elementor-lightbox-slideshow=\"2514675\" data-elementor-lightbox-title=\"wildlife\" data-e-action-hash=\"#elementor-action%3Aaction%3Dlightbox%26settings%3DeyJpZCI6MjMwNywidXJsIjoiaHR0cHM6XC9cL3lhcnJvd2lzYWFjLmNvbVwvd3AtY29udGVudFwvdXBsb2Fkc1wvMjAyNVwvMDZcL3dpbGRsaWZlLndlYnAiLCJzbGlkZXNob3ciOiIyNTE0Njc1In0%3D\">\n\t\t\t\t\t<div class=\"e-gallery-image elementor-gallery-item__image\" data-thumbnail=\"https:\/\/yarrowisaac.com\/wp-content\/uploads\/2025\/06\/wildlife.webp\" data-width=\"1400\" data-height=\"500\" aria-label=\"\" role=\"img\" ><\/div>\n\t\t\t\t\t\t\t\t\t\t\t<div class=\"elementor-gallery-item__overlay\"><\/div>\n\t\t\t\t\t\t\t\t\t\t\t\t\t\t<\/a>\n\t\t\t\t\t<\/div>\n\t\t\t\t\t<\/div>\n\t\t\t\t<\/div>\n\t\t\t\t<\/div>\n\t\t\t\t<\/div>\n\t\t<footer class=\"elementor-element elementor-element-a2517fd e-con-full e-flex e-con e-child\" data-id=\"a2517fd\" data-element_type=\"container\" data-e-type=\"container\" data-settings=\"{&quot;background_background&quot;:&quot;classic&quot;}\">\n\t\t<div class=\"elementor-element elementor-element-f8f05ea e-con-full e-flex e-con e-child\" data-id=\"f8f05ea\" data-element_type=\"container\" data-e-type=\"container\">\n\t\t\t\t<div class=\"elementor-element elementor-element-5b1e051 elementor-widget elementor-widget-text-editor\" data-id=\"5b1e051\" data-element_type=\"widget\" data-e-type=\"widget\" data-widget_type=\"text-editor.default\">\n\t\t\t\t<div class=\"elementor-widget-container\">\n\t\t\t\t\t\t\t\t\t<p>Yarrow Isaac<\/p>\t\t\t\t\t\t\t\t<\/div>\n\t\t\t\t<\/div>\n\t\t\t\t<div class=\"elementor-element elementor-element-52379b7 elementor-widget elementor-widget-text-editor\" data-id=\"52379b7\" data-element_type=\"widget\" data-e-type=\"widget\" data-widget_type=\"text-editor.default\">\n\t\t\t\t<div class=\"elementor-widget-container\">\n\t\t\t\t\t\t\t\t\t<p>hello@yarrowisaac.com<\/p>\t\t\t\t\t\t\t\t<\/div>\n\t\t\t\t<\/div>\n\t\t\t\t<\/div>\n\t\t<div class=\"elementor-element elementor-element-4d86bbb e-con-full e-flex e-con e-child\" data-id=\"4d86bbb\" data-element_type=\"container\" data-e-type=\"container\">\n\t\t\t\t<div class=\"elementor-element elementor-element-bc1216b elementor-view-default elementor-widget elementor-widget-icon\" data-id=\"bc1216b\" data-element_type=\"widget\" data-e-type=\"widget\" data-widget_type=\"icon.default\">\n\t\t\t\t<div class=\"elementor-widget-container\">\n\t\t\t\t\t\t\t<div class=\"elementor-icon-wrapper\">\n\t\t\t<a class=\"elementor-icon\" href=\"https:\/\/www.linkedin.com\/in\/rebeka-izs%C3%A1k-384799197\/\" target=\"_blank\">\n\t\t\t<svg aria-hidden=\"true\" class=\"e-font-icon-svg e-fab-linkedin\" viewbox=\"0 0 448 512\" xmlns=\"http:\/\/www.w3.org\/2000\/svg\"><path d=\"M416 32H31.9C14.3 32 0 46.5 0 64.3v383.4C0 465.5 14.3 480 31.9 480H416c17.6 0 32-14.5 32-32.3V64.3c0-17.8-14.4-32.3-32-32.3zM135.4 416H69V202.2h66.5V416zm-33.2-243c-21.3 0-38.5-17.3-38.5-38.5S80.9 96 102.2 96c21.2 0 38.5 17.3 38.5 38.5 0 21.3-17.2 38.5-38.5 38.5zm282.1 243h-66.4V312c0-24.8-.5-56.7-34.5-56.7-34.6 0-39.9 27-39.9 54.9V416h-66.4V202.2h63.7v29.2h.9c8.9-16.8 30.6-34.5 62.9-34.5 67.2 0 79.7 44.3 79.7 101.9V416z\"><\/path><\/svg>\t\t\t<\/a>\n\t\t<\/div>\n\t\t\t\t\t\t<\/div>\n\t\t\t\t<\/div>\n\t\t\t\t<div class=\"elementor-element elementor-element-9066ed6 elementor-view-default elementor-widget elementor-widget-icon\" data-id=\"9066ed6\" data-element_type=\"widget\" data-e-type=\"widget\" data-widget_type=\"icon.default\">\n\t\t\t\t<div class=\"elementor-widget-container\">\n\t\t\t\t\t\t\t<div class=\"elementor-icon-wrapper\">\n\t\t\t<a class=\"elementor-icon\" href=\"https:\/\/www.behance.net\/rebekaizsk\" target=\"_blank\">\n\t\t\t<svg aria-hidden=\"true\" class=\"e-font-icon-svg e-fab-behance-square\" viewbox=\"0 0 448 512\" xmlns=\"http:\/\/www.w3.org\/2000\/svg\"><path d=\"M186.5 293c0 19.3-14 25.4-31.2 25.4h-45.1v-52.9h46c18.6.1 30.3 7.8 30.3 27.5zm-7.7-82.3c0-17.7-13.7-21.9-28.9-21.9h-39.6v44.8H153c15.1 0 25.8-6.6 25.8-22.9zm132.3 23.2c-18.3 0-30.5 11.4-31.7 29.7h62.2c-1.7-18.5-11.3-29.7-30.5-29.7zM448 80v352c0 26.5-21.5 48-48 48H48c-26.5 0-48-21.5-48-48V80c0-26.5 21.5-48 48-48h352c26.5 0 48 21.5 48 48zM271.7 185h77.8v-18.9h-77.8V185zm-43 110.3c0-24.1-11.4-44.9-35-51.6 17.2-8.2 26.2-17.7 26.2-37 0-38.2-28.5-47.5-61.4-47.5H68v192h93.1c34.9-.2 67.6-16.9 67.6-55.9zM380 280.5c0-41.1-24.1-75.4-67.6-75.4-42.4 0-71.1 31.8-71.1 73.6 0 43.3 27.3 73 71.1 73 33.2 0 54.7-14.9 65.1-46.8h-33.7c-3.7 11.9-18.6 18.1-30.2 18.1-22.4 0-34.1-13.1-34.1-35.3h100.2c.1-2.3.3-4.8.3-7.2z\"><\/path><\/svg>\t\t\t<\/a>\n\t\t<\/div>\n\t\t\t\t\t\t<\/div>\n\t\t\t\t<\/div>\n\t\t\t\t<\/div>\n\t\t\t\t<\/footer>\n\t\t\t\t<\/div>\n\t\t\t\t\t<\/div>\n\t\t\t\t<\/div>\n\t\t\t\t<\/div>","protected":false},"excerpt":{"rendered":"<p>Logof\u00f3li\u00f3 \u00c9vek leforg\u00e1sa alatt k\u00e9sz\u00edtett log\u00f3imat gy\u0171jt\u00f6ttem ide \u00f6ssze, mindegyik m\u00f6g\u00f6tt egyedi t\u00f6rt\u00e9netek \u00e9s vizu\u00e1lis koncepci\u00f3k \u00e1llnak. Rem\u00e9lem, hogy ez a v\u00e1logat\u00e1s inspir\u00e1l\u00f3 betekint\u00e9st ny\u00fajt a szeml\u00e9letembe. Yarrow Isaac hello@yarrowisaac.com<\/p>","protected":false},"author":1,"featured_media":0,"parent":0,"menu_order":0,"comment_status":"closed","ping_status":"closed","template":"","meta":{"_acf_changed":false,"inline_featured_image":false,"footnotes":""},"class_list":["post-1622","page","type-page","status-publish","hentry"],"acf":[],"yoast_head":"<!-- This site is optimized with the Yoast SEO plugin v27.4 - https:\/\/yoast.com\/product\/yoast-seo-wordpress\/ -->\n<title>Portfolio-Logofolio - Yarrow Isaac portfolio site<\/title>\n<meta name=\"robots\" content=\"index, follow, max-snippet:-1, max-image-preview:large, max-video-preview:-1\" \/>\n<link rel=\"canonical\" href=\"https:\/\/yarrowisaac.com\/en\/portfolio-logofolio\/\" \/>\n<meta property=\"og:locale\" content=\"en_US\" \/>\n<meta property=\"og:type\" content=\"article\" \/>\n<meta property=\"og:title\" content=\"Portfolio-Logofolio - Yarrow Isaac portfolio site\" \/>\n<meta property=\"og:description\" content=\"Logof\u00f3li\u00f3 \u00c9vek leforg\u00e1sa alatt k\u00e9sz\u00edtett log\u00f3imat gy\u0171jt\u00f6ttem ide \u00f6ssze, mindegyik m\u00f6g\u00f6tt egyedi t\u00f6rt\u00e9netek \u00e9s vizu\u00e1lis koncepci\u00f3k \u00e1llnak. Rem\u00e9lem, hogy ez a v\u00e1logat\u00e1s inspir\u00e1l\u00f3 betekint\u00e9st ny\u00fajt a szeml\u00e9letembe. Yarrow Isaac hello@yarrowisaac.com\" \/>\n<meta property=\"og:url\" content=\"https:\/\/yarrowisaac.com\/en\/portfolio-logofolio\/\" \/>\n<meta property=\"og:site_name\" content=\"Yarrow Isaac portfolio site\" \/>\n<meta property=\"article:modified_time\" content=\"2025-07-18T09:23:22+00:00\" \/>\n<meta property=\"og:image\" content=\"https:\/\/yarrowisaac.com\/wp-content\/uploads\/2025\/06\/logok.webp\" \/>\n\t<meta property=\"og:image:width\" content=\"1498\" \/>\n\t<meta property=\"og:image:height\" content=\"1000\" \/>\n\t<meta property=\"og:image:type\" content=\"image\/webp\" \/>\n<meta name=\"twitter:card\" content=\"summary_large_image\" \/>\n<script type=\"application\/ld+json\" class=\"yoast-schema-graph\">{\"@context\":\"https:\\\/\\\/schema.org\",\"@graph\":[{\"@type\":\"WebPage\",\"@id\":\"https:\\\/\\\/yarrowisaac.com\\\/portfolio-logofolio\\\/\",\"url\":\"https:\\\/\\\/yarrowisaac.com\\\/portfolio-logofolio\\\/\",\"name\":\"Portfolio-Logofolio - Yarrow Isaac portfolio site\",\"isPartOf\":{\"@id\":\"https:\\\/\\\/yarrowisaac.com\\\/#website\"},\"primaryImageOfPage\":{\"@id\":\"https:\\\/\\\/yarrowisaac.com\\\/portfolio-logofolio\\\/#primaryimage\"},\"image\":{\"@id\":\"https:\\\/\\\/yarrowisaac.com\\\/portfolio-logofolio\\\/#primaryimage\"},\"thumbnailUrl\":\"https:\\\/\\\/yarrowisaac.com\\\/wp-content\\\/uploads\\\/2025\\\/06\\\/logok.webp\",\"datePublished\":\"2025-06-07T14:23:55+00:00\",\"dateModified\":\"2025-07-18T09:23:22+00:00\",\"breadcrumb\":{\"@id\":\"https:\\\/\\\/yarrowisaac.com\\\/portfolio-logofolio\\\/#breadcrumb\"},\"inLanguage\":\"en-US\",\"potentialAction\":[{\"@type\":\"ReadAction\",\"target\":[\"https:\\\/\\\/yarrowisaac.com\\\/portfolio-logofolio\\\/\"]}]},{\"@type\":\"ImageObject\",\"inLanguage\":\"en-US\",\"@id\":\"https:\\\/\\\/yarrowisaac.com\\\/portfolio-logofolio\\\/#primaryimage\",\"url\":\"https:\\\/\\\/yarrowisaac.com\\\/wp-content\\\/uploads\\\/2025\\\/06\\\/logok.webp\",\"contentUrl\":\"https:\\\/\\\/yarrowisaac.com\\\/wp-content\\\/uploads\\\/2025\\\/06\\\/logok.webp\"},{\"@type\":\"BreadcrumbList\",\"@id\":\"https:\\\/\\\/yarrowisaac.com\\\/portfolio-logofolio\\\/#breadcrumb\",\"itemListElement\":[{\"@type\":\"ListItem\",\"position\":1,\"name\":\"Kezd\u0151lap\",\"item\":\"https:\\\/\\\/yarrowisaac.com\\\/\"},{\"@type\":\"ListItem\",\"position\":2,\"name\":\"Portfolio-Logofolio\"}]},{\"@type\":\"WebSite\",\"@id\":\"https:\\\/\\\/yarrowisaac.com\\\/#website\",\"url\":\"https:\\\/\\\/yarrowisaac.com\\\/\",\"name\":\"Yarrow Isaac portfolio site\",\"description\":\"UX\\\/UI designer and Graphic Designer potfolio\",\"publisher\":{\"@id\":\"https:\\\/\\\/yarrowisaac.com\\\/#\\\/schema\\\/person\\\/8df4a6067d8b84f4dd481d50a4bbafaa\"},\"potentialAction\":[{\"@type\":\"SearchAction\",\"target\":{\"@type\":\"EntryPoint\",\"urlTemplate\":\"https:\\\/\\\/yarrowisaac.com\\\/?s={search_term_string}\"},\"query-input\":{\"@type\":\"PropertyValueSpecification\",\"valueRequired\":true,\"valueName\":\"search_term_string\"}}],\"inLanguage\":\"en-US\"},{\"@type\":[\"Person\",\"Organization\"],\"@id\":\"https:\\\/\\\/yarrowisaac.com\\\/#\\\/schema\\\/person\\\/8df4a6067d8b84f4dd481d50a4bbafaa\",\"name\":\"Yarrow Isaac\",\"image\":{\"@type\":\"ImageObject\",\"inLanguage\":\"en-US\",\"@id\":\"https:\\\/\\\/yarrowisaac.com\\\/wp-content\\\/uploads\\\/2025\\\/04\\\/yarrowisaac_logo_wide.png\",\"url\":\"https:\\\/\\\/yarrowisaac.com\\\/wp-content\\\/uploads\\\/2025\\\/04\\\/yarrowisaac_logo_wide.png\",\"contentUrl\":\"https:\\\/\\\/yarrowisaac.com\\\/wp-content\\\/uploads\\\/2025\\\/04\\\/yarrowisaac_logo_wide.png\",\"width\":350,\"height\":100,\"caption\":\"Yarrow Isaac\"},\"logo\":{\"@id\":\"https:\\\/\\\/yarrowisaac.com\\\/wp-content\\\/uploads\\\/2025\\\/04\\\/yarrowisaac_logo_wide.png\"},\"sameAs\":[\"https:\\\/\\\/yarrowisaac.com\"]}]}<\/script>\n<!-- \/ Yoast SEO plugin. -->","yoast_head_json":{"title":"Portfolio-Logofolio - Yarrow Isaac portfolio site","robots":{"index":"index","follow":"follow","max-snippet":"max-snippet:-1","max-image-preview":"max-image-preview:large","max-video-preview":"max-video-preview:-1"},"canonical":"https:\/\/yarrowisaac.com\/en\/portfolio-logofolio\/","og_locale":"en_US","og_type":"article","og_title":"Portfolio-Logofolio - Yarrow Isaac portfolio site","og_description":"Logof\u00f3li\u00f3 \u00c9vek leforg\u00e1sa alatt k\u00e9sz\u00edtett log\u00f3imat gy\u0171jt\u00f6ttem ide \u00f6ssze, mindegyik m\u00f6g\u00f6tt egyedi t\u00f6rt\u00e9netek \u00e9s vizu\u00e1lis koncepci\u00f3k \u00e1llnak. Rem\u00e9lem, hogy ez a v\u00e1logat\u00e1s inspir\u00e1l\u00f3 betekint\u00e9st ny\u00fajt a szeml\u00e9letembe. Yarrow Isaac hello@yarrowisaac.com","og_url":"https:\/\/yarrowisaac.com\/en\/portfolio-logofolio\/","og_site_name":"Yarrow Isaac portfolio site","article_modified_time":"2025-07-18T09:23:22+00:00","og_image":[{"width":1498,"height":1000,"url":"https:\/\/yarrowisaac.com\/wp-content\/uploads\/2025\/06\/logok.webp","type":"image\/webp"}],"twitter_card":"summary_large_image","schema":{"@context":"https:\/\/schema.org","@graph":[{"@type":"WebPage","@id":"https:\/\/yarrowisaac.com\/portfolio-logofolio\/","url":"https:\/\/yarrowisaac.com\/portfolio-logofolio\/","name":"Portfolio-Logofolio - Yarrow Isaac portfolio site","isPartOf":{"@id":"https:\/\/yarrowisaac.com\/#website"},"primaryImageOfPage":{"@id":"https:\/\/yarrowisaac.com\/portfolio-logofolio\/#primaryimage"},"image":{"@id":"https:\/\/yarrowisaac.com\/portfolio-logofolio\/#primaryimage"},"thumbnailUrl":"https:\/\/yarrowisaac.com\/wp-content\/uploads\/2025\/06\/logok.webp","datePublished":"2025-06-07T14:23:55+00:00","dateModified":"2025-07-18T09:23:22+00:00","breadcrumb":{"@id":"https:\/\/yarrowisaac.com\/portfolio-logofolio\/#breadcrumb"},"inLanguage":"en-US","potentialAction":[{"@type":"ReadAction","target":["https:\/\/yarrowisaac.com\/portfolio-logofolio\/"]}]},{"@type":"ImageObject","inLanguage":"en-US","@id":"https:\/\/yarrowisaac.com\/portfolio-logofolio\/#primaryimage","url":"https:\/\/yarrowisaac.com\/wp-content\/uploads\/2025\/06\/logok.webp","contentUrl":"https:\/\/yarrowisaac.com\/wp-content\/uploads\/2025\/06\/logok.webp"},{"@type":"BreadcrumbList","@id":"https:\/\/yarrowisaac.com\/portfolio-logofolio\/#breadcrumb","itemListElement":[{"@type":"ListItem","position":1,"name":"Kezd\u0151lap","item":"https:\/\/yarrowisaac.com\/"},{"@type":"ListItem","position":2,"name":"Portfolio-Logofolio"}]},{"@type":"WebSite","@id":"https:\/\/yarrowisaac.com\/#website","url":"https:\/\/yarrowisaac.com\/","name":"Yarrow Isaac portfolio site","description":"UX\/UI designer and Graphic Designer potfolio","publisher":{"@id":"https:\/\/yarrowisaac.com\/#\/schema\/person\/8df4a6067d8b84f4dd481d50a4bbafaa"},"potentialAction":[{"@type":"SearchAction","target":{"@type":"EntryPoint","urlTemplate":"https:\/\/yarrowisaac.com\/?s={search_term_string}"},"query-input":{"@type":"PropertyValueSpecification","valueRequired":true,"valueName":"search_term_string"}}],"inLanguage":"en-US"},{"@type":["Person","Organization"],"@id":"https:\/\/yarrowisaac.com\/#\/schema\/person\/8df4a6067d8b84f4dd481d50a4bbafaa","name":"Yarrow Isaac","image":{"@type":"ImageObject","inLanguage":"en-US","@id":"https:\/\/yarrowisaac.com\/wp-content\/uploads\/2025\/04\/yarrowisaac_logo_wide.png","url":"https:\/\/yarrowisaac.com\/wp-content\/uploads\/2025\/04\/yarrowisaac_logo_wide.png","contentUrl":"https:\/\/yarrowisaac.com\/wp-content\/uploads\/2025\/04\/yarrowisaac_logo_wide.png","width":350,"height":100,"caption":"Yarrow Isaac"},"logo":{"@id":"https:\/\/yarrowisaac.com\/wp-content\/uploads\/2025\/04\/yarrowisaac_logo_wide.png"},"sameAs":["https:\/\/yarrowisaac.com"]}]}},"_links":{"self":[{"href":"https:\/\/yarrowisaac.com\/en\/wp-json\/wp\/v2\/pages\/1622","targetHints":{"allow":["GET"]}}],"collection":[{"href":"https:\/\/yarrowisaac.com\/en\/wp-json\/wp\/v2\/pages"}],"about":[{"href":"https:\/\/yarrowisaac.com\/en\/wp-json\/wp\/v2\/types\/page"}],"author":[{"embeddable":true,"href":"https:\/\/yarrowisaac.com\/en\/wp-json\/wp\/v2\/users\/1"}],"replies":[{"embeddable":true,"href":"https:\/\/yarrowisaac.com\/en\/wp-json\/wp\/v2\/comments?post=1622"}],"version-history":[{"count":46,"href":"https:\/\/yarrowisaac.com\/en\/wp-json\/wp\/v2\/pages\/1622\/revisions"}],"predecessor-version":[{"id":2738,"href":"https:\/\/yarrowisaac.com\/en\/wp-json\/wp\/v2\/pages\/1622\/revisions\/2738"}],"wp:attachment":[{"href":"https:\/\/yarrowisaac.com\/en\/wp-json\/wp\/v2\/media?parent=1622"}],"curies":[{"name":"wp","href":"https:\/\/api.w.org\/{rel}","templated":true}]}}