{"id":1620,"date":"2025-06-07T16:23:14","date_gmt":"2025-06-07T14:23:14","guid":{"rendered":"https:\/\/izsak-rebeka.holloka-uxuikepzes.hu\/?page_id=1620"},"modified":"2025-07-18T11:22:45","modified_gmt":"2025-07-18T09:22:45","slug":"portfolio-illusztraciok","status":"publish","type":"page","link":"https:\/\/yarrowisaac.com\/en\/portfolio-illusztraciok\/","title":{"rendered":"Portfolio-Illusztraciok"},"content":{"rendered":"<div data-elementor-type=\"wp-page\" data-elementor-id=\"1620\" class=\"elementor elementor-1620\" data-elementor-post-type=\"page\">\n\t\t\t\t<div class=\"elementor-element elementor-element-e7171d3 e-flex e-con-boxed e-con e-parent\" data-id=\"e7171d3\" data-element_type=\"container\" data-e-type=\"container\">\n\t\t\t\t\t<div class=\"e-con-inner\">\n\t\t<div class=\"elementor-element elementor-element-a7e07f2 e-con-full e-flex e-con e-child\" data-id=\"a7e07f2\" data-element_type=\"container\" data-e-type=\"container\" data-settings=\"{&quot;background_background&quot;:&quot;classic&quot;}\">\n\t\t<div class=\"elementor-element elementor-element-651dbc4 e-con-full e-flex e-con e-child\" data-id=\"651dbc4\" data-element_type=\"container\" data-e-type=\"container\">\n\t\t<div class=\"elementor-element elementor-element-2db8963 e-con-full e-flex e-con e-child\" data-id=\"2db8963\" data-element_type=\"container\" data-e-type=\"container\" data-settings=\"{&quot;background_background&quot;:&quot;classic&quot;}\">\n\t\t\t\t<div class=\"elementor-element elementor-element-2d4ddd2 elementor-widget-mobile_extra__width-initial elementor-widget elementor-widget-image\" data-id=\"2d4ddd2\" data-element_type=\"widget\" data-e-type=\"widget\" data-widget_type=\"image.default\">\n\t\t\t\t<div class=\"elementor-widget-container\">\n\t\t\t\t\t\t\t\t\t\t\t\t\t\t\t<img fetchpriority=\"high\" decoding=\"async\" width=\"1769\" height=\"1000\" src=\"https:\/\/yarrowisaac.com\/wp-content\/uploads\/2025\/06\/winterland_vector.webp\" class=\"attachment-full size-full wp-image-2063\" alt=\"\" srcset=\"https:\/\/yarrowisaac.com\/wp-content\/uploads\/2025\/06\/winterland_vector.webp 1769w, https:\/\/yarrowisaac.com\/wp-content\/uploads\/2025\/06\/winterland_vector-300x170.webp 300w, https:\/\/yarrowisaac.com\/wp-content\/uploads\/2025\/06\/winterland_vector-1024x579.webp 1024w, https:\/\/yarrowisaac.com\/wp-content\/uploads\/2025\/06\/winterland_vector-768x434.webp 768w, https:\/\/yarrowisaac.com\/wp-content\/uploads\/2025\/06\/winterland_vector-1536x868.webp 1536w\" sizes=\"(max-width: 1769px) 100vw, 1769px\" \/>\t\t\t\t\t\t\t\t\t\t\t\t\t\t\t<\/div>\n\t\t\t\t<\/div>\n\t\t\t\t<\/div>\n\t\t<div class=\"elementor-element elementor-element-58f9fdc e-con-full e-flex e-con e-child\" data-id=\"58f9fdc\" data-element_type=\"container\" data-e-type=\"container\" data-settings=\"{&quot;background_background&quot;:&quot;classic&quot;,&quot;position&quot;:&quot;absolute&quot;}\">\n\t\t<div class=\"elementor-element elementor-element-c6656e9 e-con-full e-flex e-con e-child\" data-id=\"c6656e9\" data-element_type=\"container\" data-e-type=\"container\">\n\t\t\t\t<div class=\"elementor-element elementor-element-901193b elementor-widget elementor-widget-heading\" data-id=\"901193b\" data-element_type=\"widget\" data-e-type=\"widget\" data-widget_type=\"heading.default\">\n\t\t\t\t<div class=\"elementor-widget-container\">\n\t\t\t\t\t<h2 class=\"elementor-heading-title elementor-size-default\">Illustrations<\/h2>\t\t\t\t<\/div>\n\t\t\t\t<\/div>\n\t\t\t\t<div class=\"elementor-element elementor-element-80e416e elementor-widget elementor-widget-text-editor\" data-id=\"80e416e\" data-element_type=\"widget\" data-e-type=\"widget\" data-widget_type=\"text-editor.default\">\n\t\t\t\t<div class=\"elementor-widget-container\">\n\t\t\t\t\t\t\t\t\t<p>This collection contains my vector illustrations on a variety of topics, which offer a diverse of uses with their clean design and easily scalable elements.<\/p>\t\t\t\t\t\t\t\t<\/div>\n\t\t\t\t<\/div>\n\t\t\t\t<\/div>\n\t\t\t\t<\/div>\n\t\t\t\t<\/div>\n\t\t<div class=\"elementor-element elementor-element-13ecf6f e-con-full e-flex e-con e-child\" data-id=\"13ecf6f\" data-element_type=\"container\" data-e-type=\"container\">\n\t\t<div class=\"elementor-element elementor-element-3bfe1db e-con-full e-flex e-con e-child\" data-id=\"3bfe1db\" data-element_type=\"container\" data-e-type=\"container\">\n\t\t\t\t<div class=\"elementor-element elementor-element-26360f5 elementor-widget elementor-widget-gallery\" data-id=\"26360f5\" data-element_type=\"widget\" data-e-type=\"widget\" data-settings=\"{&quot;columns&quot;:2,&quot;gap&quot;:{&quot;unit&quot;:&quot;px&quot;,&quot;size&quot;:24,&quot;sizes&quot;:[]},&quot;columns_mobile_extra&quot;:1,&quot;gap_mobile_extra&quot;:{&quot;unit&quot;:&quot;px&quot;,&quot;size&quot;:24,&quot;sizes&quot;:[]},&quot;gap_mobile&quot;:{&quot;unit&quot;:&quot;px&quot;,&quot;size&quot;:24,&quot;sizes&quot;:[]},&quot;gap_tablet_extra&quot;:{&quot;unit&quot;:&quot;px&quot;,&quot;size&quot;:24,&quot;sizes&quot;:[]},&quot;gap_tablet&quot;:{&quot;unit&quot;:&quot;px&quot;,&quot;size&quot;:24,&quot;sizes&quot;:[]},&quot;aspect_ratio&quot;:&quot;16:9&quot;,&quot;gallery_layout&quot;:&quot;grid&quot;,&quot;columns_tablet&quot;:2,&quot;columns_mobile&quot;:1,&quot;link_to&quot;:&quot;file&quot;,&quot;overlay_background&quot;:&quot;yes&quot;,&quot;content_hover_animation&quot;:&quot;fade-in&quot;}\" data-widget_type=\"gallery.default\">\n\t\t\t\t<div class=\"elementor-widget-container\">\n\t\t\t\t\t\t\t<div class=\"elementor-gallery__container\">\n\t\t\t\t\t\t\t<a class=\"e-gallery-item elementor-gallery-item elementor-animated-content\" href=\"https:\/\/yarrowisaac.com\/wp-content\/uploads\/2025\/06\/tekergo.webp\" data-elementor-open-lightbox=\"yes\" data-elementor-lightbox-slideshow=\"26360f5\" data-elementor-lightbox-title=\"tekergo\" data-e-action-hash=\"#elementor-action%3Aaction%3Dlightbox%26settings%3DeyJpZCI6MjA3OCwidXJsIjoiaHR0cHM6XC9cL3lhcnJvd2lzYWFjLmNvbVwvd3AtY29udGVudFwvdXBsb2Fkc1wvMjAyNVwvMDZcL3Rla2VyZ28ud2VicCIsInNsaWRlc2hvdyI6IjI2MzYwZjUifQ%3D%3D\">\n\t\t\t\t\t<div class=\"e-gallery-image elementor-gallery-item__image\" data-thumbnail=\"https:\/\/yarrowisaac.com\/wp-content\/uploads\/2025\/06\/tekergo.webp\" data-width=\"1838\" data-height=\"1000\" aria-label=\"\" role=\"img\" ><\/div>\n\t\t\t\t\t\t\t\t\t\t\t<div class=\"elementor-gallery-item__overlay\"><\/div>\n\t\t\t\t\t\t\t\t\t\t\t\t\t\t<\/a>\n\t\t\t\t\t\t\t<a class=\"e-gallery-item elementor-gallery-item elementor-animated-content\" href=\"https:\/\/yarrowisaac.com\/wp-content\/uploads\/2025\/06\/flat_land.webp\" data-elementor-open-lightbox=\"yes\" data-elementor-lightbox-slideshow=\"26360f5\" data-elementor-lightbox-title=\"flat_land\" data-e-action-hash=\"#elementor-action%3Aaction%3Dlightbox%26settings%3DeyJpZCI6MjA2NSwidXJsIjoiaHR0cHM6XC9cL3lhcnJvd2lzYWFjLmNvbVwvd3AtY29udGVudFwvdXBsb2Fkc1wvMjAyNVwvMDZcL2ZsYXRfbGFuZC53ZWJwIiwic2xpZGVzaG93IjoiMjYzNjBmNSJ9\">\n\t\t\t\t\t<div class=\"e-gallery-image elementor-gallery-item__image\" data-thumbnail=\"https:\/\/yarrowisaac.com\/wp-content\/uploads\/2025\/06\/flat_land.webp\" data-width=\"1472\" data-height=\"1000\" aria-label=\"\" role=\"img\" ><\/div>\n\t\t\t\t\t\t\t\t\t\t\t<div class=\"elementor-gallery-item__overlay\"><\/div>\n\t\t\t\t\t\t\t\t\t\t\t\t\t\t<\/a>\n\t\t\t\t\t\t\t<a class=\"e-gallery-item elementor-gallery-item elementor-animated-content\" href=\"https:\/\/yarrowisaac.com\/wp-content\/uploads\/2025\/06\/winterland_vector.webp\" data-elementor-open-lightbox=\"yes\" data-elementor-lightbox-slideshow=\"26360f5\" data-elementor-lightbox-title=\"winterland_vector\" data-e-action-hash=\"#elementor-action%3Aaction%3Dlightbox%26settings%3DeyJpZCI6MjA2MywidXJsIjoiaHR0cHM6XC9cL3lhcnJvd2lzYWFjLmNvbVwvd3AtY29udGVudFwvdXBsb2Fkc1wvMjAyNVwvMDZcL3dpbnRlcmxhbmRfdmVjdG9yLndlYnAiLCJzbGlkZXNob3ciOiIyNjM2MGY1In0%3D\">\n\t\t\t\t\t<div class=\"e-gallery-image elementor-gallery-item__image\" data-thumbnail=\"https:\/\/yarrowisaac.com\/wp-content\/uploads\/2025\/06\/winterland_vector.webp\" data-width=\"1769\" data-height=\"1000\" aria-label=\"\" role=\"img\" ><\/div>\n\t\t\t\t\t\t\t\t\t\t\t<div class=\"elementor-gallery-item__overlay\"><\/div>\n\t\t\t\t\t\t\t\t\t\t\t\t\t\t<\/a>\n\t\t\t\t\t<\/div>\n\t\t\t\t\t<\/div>\n\t\t\t\t<\/div>\n\t\t\t\t<\/div>\n\t\t\t\t<\/div>\n\t\t<footer class=\"elementor-element elementor-element-1775276 e-con-full e-flex e-con e-child\" data-id=\"1775276\" data-element_type=\"container\" data-e-type=\"container\" data-settings=\"{&quot;background_background&quot;:&quot;classic&quot;}\">\n\t\t<div class=\"elementor-element elementor-element-092d441 e-con-full e-flex e-con e-child\" data-id=\"092d441\" data-element_type=\"container\" data-e-type=\"container\">\n\t\t\t\t<div class=\"elementor-element elementor-element-3fb83c6 elementor-widget elementor-widget-text-editor\" data-id=\"3fb83c6\" data-element_type=\"widget\" data-e-type=\"widget\" data-widget_type=\"text-editor.default\">\n\t\t\t\t<div class=\"elementor-widget-container\">\n\t\t\t\t\t\t\t\t\t<p>Yarrow Isaac<\/p>\t\t\t\t\t\t\t\t<\/div>\n\t\t\t\t<\/div>\n\t\t\t\t<div class=\"elementor-element elementor-element-2da4cf6 elementor-widget elementor-widget-text-editor\" data-id=\"2da4cf6\" data-element_type=\"widget\" data-e-type=\"widget\" data-widget_type=\"text-editor.default\">\n\t\t\t\t<div class=\"elementor-widget-container\">\n\t\t\t\t\t\t\t\t\t<p>hello@yarrowisaac.com<\/p>\t\t\t\t\t\t\t\t<\/div>\n\t\t\t\t<\/div>\n\t\t\t\t<\/div>\n\t\t<div class=\"elementor-element elementor-element-33dbb2e e-con-full e-flex e-con e-child\" data-id=\"33dbb2e\" data-element_type=\"container\" data-e-type=\"container\">\n\t\t\t\t<div class=\"elementor-element elementor-element-be34871 elementor-view-default elementor-widget elementor-widget-icon\" data-id=\"be34871\" data-element_type=\"widget\" data-e-type=\"widget\" data-widget_type=\"icon.default\">\n\t\t\t\t<div class=\"elementor-widget-container\">\n\t\t\t\t\t\t\t<div class=\"elementor-icon-wrapper\">\n\t\t\t<a class=\"elementor-icon\" href=\"https:\/\/www.linkedin.com\/in\/rebeka-izs%C3%A1k-384799197\/\" target=\"_blank\">\n\t\t\t<svg aria-hidden=\"true\" class=\"e-font-icon-svg e-fab-linkedin\" viewbox=\"0 0 448 512\" xmlns=\"http:\/\/www.w3.org\/2000\/svg\"><path d=\"M416 32H31.9C14.3 32 0 46.5 0 64.3v383.4C0 465.5 14.3 480 31.9 480H416c17.6 0 32-14.5 32-32.3V64.3c0-17.8-14.4-32.3-32-32.3zM135.4 416H69V202.2h66.5V416zm-33.2-243c-21.3 0-38.5-17.3-38.5-38.5S80.9 96 102.2 96c21.2 0 38.5 17.3 38.5 38.5 0 21.3-17.2 38.5-38.5 38.5zm282.1 243h-66.4V312c0-24.8-.5-56.7-34.5-56.7-34.6 0-39.9 27-39.9 54.9V416h-66.4V202.2h63.7v29.2h.9c8.9-16.8 30.6-34.5 62.9-34.5 67.2 0 79.7 44.3 79.7 101.9V416z\"><\/path><\/svg>\t\t\t<\/a>\n\t\t<\/div>\n\t\t\t\t\t\t<\/div>\n\t\t\t\t<\/div>\n\t\t\t\t<div class=\"elementor-element elementor-element-12abf28 elementor-view-default elementor-widget elementor-widget-icon\" data-id=\"12abf28\" data-element_type=\"widget\" data-e-type=\"widget\" data-widget_type=\"icon.default\">\n\t\t\t\t<div class=\"elementor-widget-container\">\n\t\t\t\t\t\t\t<div class=\"elementor-icon-wrapper\">\n\t\t\t<a class=\"elementor-icon\" href=\"https:\/\/www.behance.net\/rebekaizsk\" target=\"_blank\">\n\t\t\t<svg aria-hidden=\"true\" class=\"e-font-icon-svg e-fab-behance-square\" viewbox=\"0 0 448 512\" xmlns=\"http:\/\/www.w3.org\/2000\/svg\"><path d=\"M186.5 293c0 19.3-14 25.4-31.2 25.4h-45.1v-52.9h46c18.6.1 30.3 7.8 30.3 27.5zm-7.7-82.3c0-17.7-13.7-21.9-28.9-21.9h-39.6v44.8H153c15.1 0 25.8-6.6 25.8-22.9zm132.3 23.2c-18.3 0-30.5 11.4-31.7 29.7h62.2c-1.7-18.5-11.3-29.7-30.5-29.7zM448 80v352c0 26.5-21.5 48-48 48H48c-26.5 0-48-21.5-48-48V80c0-26.5 21.5-48 48-48h352c26.5 0 48 21.5 48 48zM271.7 185h77.8v-18.9h-77.8V185zm-43 110.3c0-24.1-11.4-44.9-35-51.6 17.2-8.2 26.2-17.7 26.2-37 0-38.2-28.5-47.5-61.4-47.5H68v192h93.1c34.9-.2 67.6-16.9 67.6-55.9zM380 280.5c0-41.1-24.1-75.4-67.6-75.4-42.4 0-71.1 31.8-71.1 73.6 0 43.3 27.3 73 71.1 73 33.2 0 54.7-14.9 65.1-46.8h-33.7c-3.7 11.9-18.6 18.1-30.2 18.1-22.4 0-34.1-13.1-34.1-35.3h100.2c.1-2.3.3-4.8.3-7.2z\"><\/path><\/svg>\t\t\t<\/a>\n\t\t<\/div>\n\t\t\t\t\t\t<\/div>\n\t\t\t\t<\/div>\n\t\t\t\t<\/div>\n\t\t\t\t<\/footer>\n\t\t\t\t<\/div>\n\t\t\t\t\t<\/div>\n\t\t\t\t<\/div>\n\t\t\t\t<\/div>","protected":false},"excerpt":{"rendered":"<p>Illusztr\u00e1ci\u00f3k Ez a gy\u0171jtem\u00e9ny v\u00e1ltozatos t\u00e9m\u00e1j\u00fa vektoros illusztr\u00e1ci\u00f3imat tartalmazza, melyek letisztult formavil\u00e1gukkal \u00e9s k\u00f6nnyen sk\u00e1l\u00e1zhat\u00f3 kialak\u00edt\u00e1sukkal sz\u00e1mos felhaszn\u00e1l\u00e1si lehet\u0151s\u00e9get ny\u00fajtanak. Yarrow Isaac hello@yarrowisaac.com<\/p>","protected":false},"author":1,"featured_media":0,"parent":0,"menu_order":0,"comment_status":"closed","ping_status":"closed","template":"","meta":{"_acf_changed":false,"inline_featured_image":false,"footnotes":""},"class_list":["post-1620","page","type-page","status-publish","hentry"],"acf":[],"yoast_head":"<!-- This site is optimized with the Yoast SEO plugin v27.4 - https:\/\/yoast.com\/product\/yoast-seo-wordpress\/ -->\n<title>Portfolio-Illusztraciok - Yarrow Isaac portfolio site<\/title>\n<meta name=\"robots\" content=\"index, follow, max-snippet:-1, max-image-preview:large, max-video-preview:-1\" \/>\n<link rel=\"canonical\" href=\"https:\/\/yarrowisaac.com\/en\/portfolio-illusztraciok\/\" \/>\n<meta property=\"og:locale\" content=\"en_US\" \/>\n<meta property=\"og:type\" content=\"article\" \/>\n<meta property=\"og:title\" content=\"Portfolio-Illusztraciok - Yarrow Isaac portfolio site\" \/>\n<meta property=\"og:description\" content=\"Illusztr\u00e1ci\u00f3k Ez a gy\u0171jtem\u00e9ny v\u00e1ltozatos t\u00e9m\u00e1j\u00fa vektoros illusztr\u00e1ci\u00f3imat tartalmazza, melyek letisztult formavil\u00e1gukkal \u00e9s k\u00f6nnyen sk\u00e1l\u00e1zhat\u00f3 kialak\u00edt\u00e1sukkal sz\u00e1mos felhaszn\u00e1l\u00e1si lehet\u0151s\u00e9get ny\u00fajtanak. Yarrow Isaac hello@yarrowisaac.com\" \/>\n<meta property=\"og:url\" content=\"https:\/\/yarrowisaac.com\/en\/portfolio-illusztraciok\/\" \/>\n<meta property=\"og:site_name\" content=\"Yarrow Isaac portfolio site\" \/>\n<meta property=\"article:modified_time\" content=\"2025-07-18T09:22:45+00:00\" \/>\n<meta property=\"og:image\" content=\"https:\/\/yarrowisaac.com\/wp-content\/uploads\/2025\/06\/winterland_vector.webp\" \/>\n\t<meta property=\"og:image:width\" content=\"1769\" \/>\n\t<meta property=\"og:image:height\" content=\"1000\" \/>\n\t<meta property=\"og:image:type\" content=\"image\/webp\" \/>\n<meta name=\"twitter:card\" content=\"summary_large_image\" \/>\n<script type=\"application\/ld+json\" class=\"yoast-schema-graph\">{\"@context\":\"https:\\\/\\\/schema.org\",\"@graph\":[{\"@type\":\"WebPage\",\"@id\":\"https:\\\/\\\/yarrowisaac.com\\\/portfolio-illusztraciok\\\/\",\"url\":\"https:\\\/\\\/yarrowisaac.com\\\/portfolio-illusztraciok\\\/\",\"name\":\"Portfolio-Illusztraciok - Yarrow Isaac portfolio site\",\"isPartOf\":{\"@id\":\"https:\\\/\\\/yarrowisaac.com\\\/#website\"},\"primaryImageOfPage\":{\"@id\":\"https:\\\/\\\/yarrowisaac.com\\\/portfolio-illusztraciok\\\/#primaryimage\"},\"image\":{\"@id\":\"https:\\\/\\\/yarrowisaac.com\\\/portfolio-illusztraciok\\\/#primaryimage\"},\"thumbnailUrl\":\"https:\\\/\\\/yarrowisaac.com\\\/wp-content\\\/uploads\\\/2025\\\/06\\\/winterland_vector.webp\",\"datePublished\":\"2025-06-07T14:23:14+00:00\",\"dateModified\":\"2025-07-18T09:22:45+00:00\",\"breadcrumb\":{\"@id\":\"https:\\\/\\\/yarrowisaac.com\\\/portfolio-illusztraciok\\\/#breadcrumb\"},\"inLanguage\":\"en-US\",\"potentialAction\":[{\"@type\":\"ReadAction\",\"target\":[\"https:\\\/\\\/yarrowisaac.com\\\/portfolio-illusztraciok\\\/\"]}]},{\"@type\":\"ImageObject\",\"inLanguage\":\"en-US\",\"@id\":\"https:\\\/\\\/yarrowisaac.com\\\/portfolio-illusztraciok\\\/#primaryimage\",\"url\":\"https:\\\/\\\/yarrowisaac.com\\\/wp-content\\\/uploads\\\/2025\\\/06\\\/winterland_vector.webp\",\"contentUrl\":\"https:\\\/\\\/yarrowisaac.com\\\/wp-content\\\/uploads\\\/2025\\\/06\\\/winterland_vector.webp\"},{\"@type\":\"BreadcrumbList\",\"@id\":\"https:\\\/\\\/yarrowisaac.com\\\/portfolio-illusztraciok\\\/#breadcrumb\",\"itemListElement\":[{\"@type\":\"ListItem\",\"position\":1,\"name\":\"Kezd\u0151lap\",\"item\":\"https:\\\/\\\/yarrowisaac.com\\\/\"},{\"@type\":\"ListItem\",\"position\":2,\"name\":\"Portfolio-Illusztraciok\"}]},{\"@type\":\"WebSite\",\"@id\":\"https:\\\/\\\/yarrowisaac.com\\\/#website\",\"url\":\"https:\\\/\\\/yarrowisaac.com\\\/\",\"name\":\"Yarrow Isaac portfolio site\",\"description\":\"UX\\\/UI designer and Graphic Designer potfolio\",\"publisher\":{\"@id\":\"https:\\\/\\\/yarrowisaac.com\\\/#\\\/schema\\\/person\\\/8df4a6067d8b84f4dd481d50a4bbafaa\"},\"potentialAction\":[{\"@type\":\"SearchAction\",\"target\":{\"@type\":\"EntryPoint\",\"urlTemplate\":\"https:\\\/\\\/yarrowisaac.com\\\/?s={search_term_string}\"},\"query-input\":{\"@type\":\"PropertyValueSpecification\",\"valueRequired\":true,\"valueName\":\"search_term_string\"}}],\"inLanguage\":\"en-US\"},{\"@type\":[\"Person\",\"Organization\"],\"@id\":\"https:\\\/\\\/yarrowisaac.com\\\/#\\\/schema\\\/person\\\/8df4a6067d8b84f4dd481d50a4bbafaa\",\"name\":\"Yarrow Isaac\",\"image\":{\"@type\":\"ImageObject\",\"inLanguage\":\"en-US\",\"@id\":\"https:\\\/\\\/yarrowisaac.com\\\/wp-content\\\/uploads\\\/2025\\\/04\\\/yarrowisaac_logo_wide.png\",\"url\":\"https:\\\/\\\/yarrowisaac.com\\\/wp-content\\\/uploads\\\/2025\\\/04\\\/yarrowisaac_logo_wide.png\",\"contentUrl\":\"https:\\\/\\\/yarrowisaac.com\\\/wp-content\\\/uploads\\\/2025\\\/04\\\/yarrowisaac_logo_wide.png\",\"width\":350,\"height\":100,\"caption\":\"Yarrow Isaac\"},\"logo\":{\"@id\":\"https:\\\/\\\/yarrowisaac.com\\\/wp-content\\\/uploads\\\/2025\\\/04\\\/yarrowisaac_logo_wide.png\"},\"sameAs\":[\"https:\\\/\\\/yarrowisaac.com\"]}]}<\/script>\n<!-- \/ Yoast SEO plugin. -->","yoast_head_json":{"title":"Portfolio-Illusztraciok - Yarrow Isaac portfolio site","robots":{"index":"index","follow":"follow","max-snippet":"max-snippet:-1","max-image-preview":"max-image-preview:large","max-video-preview":"max-video-preview:-1"},"canonical":"https:\/\/yarrowisaac.com\/en\/portfolio-illusztraciok\/","og_locale":"en_US","og_type":"article","og_title":"Portfolio-Illusztraciok - Yarrow Isaac portfolio site","og_description":"Illusztr\u00e1ci\u00f3k Ez a gy\u0171jtem\u00e9ny v\u00e1ltozatos t\u00e9m\u00e1j\u00fa vektoros illusztr\u00e1ci\u00f3imat tartalmazza, melyek letisztult formavil\u00e1gukkal \u00e9s k\u00f6nnyen sk\u00e1l\u00e1zhat\u00f3 kialak\u00edt\u00e1sukkal sz\u00e1mos felhaszn\u00e1l\u00e1si lehet\u0151s\u00e9get ny\u00fajtanak. Yarrow Isaac hello@yarrowisaac.com","og_url":"https:\/\/yarrowisaac.com\/en\/portfolio-illusztraciok\/","og_site_name":"Yarrow Isaac portfolio site","article_modified_time":"2025-07-18T09:22:45+00:00","og_image":[{"width":1769,"height":1000,"url":"https:\/\/yarrowisaac.com\/wp-content\/uploads\/2025\/06\/winterland_vector.webp","type":"image\/webp"}],"twitter_card":"summary_large_image","schema":{"@context":"https:\/\/schema.org","@graph":[{"@type":"WebPage","@id":"https:\/\/yarrowisaac.com\/portfolio-illusztraciok\/","url":"https:\/\/yarrowisaac.com\/portfolio-illusztraciok\/","name":"Portfolio-Illusztraciok - Yarrow Isaac portfolio site","isPartOf":{"@id":"https:\/\/yarrowisaac.com\/#website"},"primaryImageOfPage":{"@id":"https:\/\/yarrowisaac.com\/portfolio-illusztraciok\/#primaryimage"},"image":{"@id":"https:\/\/yarrowisaac.com\/portfolio-illusztraciok\/#primaryimage"},"thumbnailUrl":"https:\/\/yarrowisaac.com\/wp-content\/uploads\/2025\/06\/winterland_vector.webp","datePublished":"2025-06-07T14:23:14+00:00","dateModified":"2025-07-18T09:22:45+00:00","breadcrumb":{"@id":"https:\/\/yarrowisaac.com\/portfolio-illusztraciok\/#breadcrumb"},"inLanguage":"en-US","potentialAction":[{"@type":"ReadAction","target":["https:\/\/yarrowisaac.com\/portfolio-illusztraciok\/"]}]},{"@type":"ImageObject","inLanguage":"en-US","@id":"https:\/\/yarrowisaac.com\/portfolio-illusztraciok\/#primaryimage","url":"https:\/\/yarrowisaac.com\/wp-content\/uploads\/2025\/06\/winterland_vector.webp","contentUrl":"https:\/\/yarrowisaac.com\/wp-content\/uploads\/2025\/06\/winterland_vector.webp"},{"@type":"BreadcrumbList","@id":"https:\/\/yarrowisaac.com\/portfolio-illusztraciok\/#breadcrumb","itemListElement":[{"@type":"ListItem","position":1,"name":"Kezd\u0151lap","item":"https:\/\/yarrowisaac.com\/"},{"@type":"ListItem","position":2,"name":"Portfolio-Illusztraciok"}]},{"@type":"WebSite","@id":"https:\/\/yarrowisaac.com\/#website","url":"https:\/\/yarrowisaac.com\/","name":"Yarrow Isaac portfolio site","description":"UX\/UI designer and Graphic Designer potfolio","publisher":{"@id":"https:\/\/yarrowisaac.com\/#\/schema\/person\/8df4a6067d8b84f4dd481d50a4bbafaa"},"potentialAction":[{"@type":"SearchAction","target":{"@type":"EntryPoint","urlTemplate":"https:\/\/yarrowisaac.com\/?s={search_term_string}"},"query-input":{"@type":"PropertyValueSpecification","valueRequired":true,"valueName":"search_term_string"}}],"inLanguage":"en-US"},{"@type":["Person","Organization"],"@id":"https:\/\/yarrowisaac.com\/#\/schema\/person\/8df4a6067d8b84f4dd481d50a4bbafaa","name":"Yarrow Isaac","image":{"@type":"ImageObject","inLanguage":"en-US","@id":"https:\/\/yarrowisaac.com\/wp-content\/uploads\/2025\/04\/yarrowisaac_logo_wide.png","url":"https:\/\/yarrowisaac.com\/wp-content\/uploads\/2025\/04\/yarrowisaac_logo_wide.png","contentUrl":"https:\/\/yarrowisaac.com\/wp-content\/uploads\/2025\/04\/yarrowisaac_logo_wide.png","width":350,"height":100,"caption":"Yarrow Isaac"},"logo":{"@id":"https:\/\/yarrowisaac.com\/wp-content\/uploads\/2025\/04\/yarrowisaac_logo_wide.png"},"sameAs":["https:\/\/yarrowisaac.com"]}]}},"_links":{"self":[{"href":"https:\/\/yarrowisaac.com\/en\/wp-json\/wp\/v2\/pages\/1620","targetHints":{"allow":["GET"]}}],"collection":[{"href":"https:\/\/yarrowisaac.com\/en\/wp-json\/wp\/v2\/pages"}],"about":[{"href":"https:\/\/yarrowisaac.com\/en\/wp-json\/wp\/v2\/types\/page"}],"author":[{"embeddable":true,"href":"https:\/\/yarrowisaac.com\/en\/wp-json\/wp\/v2\/users\/1"}],"replies":[{"embeddable":true,"href":"https:\/\/yarrowisaac.com\/en\/wp-json\/wp\/v2\/comments?post=1620"}],"version-history":[{"count":31,"href":"https:\/\/yarrowisaac.com\/en\/wp-json\/wp\/v2\/pages\/1620\/revisions"}],"predecessor-version":[{"id":2735,"href":"https:\/\/yarrowisaac.com\/en\/wp-json\/wp\/v2\/pages\/1620\/revisions\/2735"}],"wp:attachment":[{"href":"https:\/\/yarrowisaac.com\/en\/wp-json\/wp\/v2\/media?parent=1620"}],"curies":[{"name":"wp","href":"https:\/\/api.w.org\/{rel}","templated":true}]}}