{"id":1434,"date":"2025-06-07T12:04:04","date_gmt":"2025-06-07T10:04:04","guid":{"rendered":"https:\/\/izsak-rebeka.holloka-uxuikepzes.hu\/?page_id=1434"},"modified":"2025-07-18T11:22:03","modified_gmt":"2025-07-18T09:22:03","slug":"portfolio-jokai-klub","status":"publish","type":"page","link":"https:\/\/yarrowisaac.com\/en\/portfolio-jokai-klub\/","title":{"rendered":"Portfolio-Jokai-klub"},"content":{"rendered":"<div data-elementor-type=\"wp-page\" data-elementor-id=\"1434\" class=\"elementor elementor-1434\" data-elementor-post-type=\"page\">\n\t\t\t\t<div class=\"elementor-element elementor-element-8029dd9 e-flex e-con-boxed e-con e-parent\" data-id=\"8029dd9\" data-element_type=\"container\" data-e-type=\"container\">\n\t\t\t\t\t<div class=\"e-con-inner\">\n\t\t<div class=\"elementor-element elementor-element-fda3553 e-con-full e-flex e-con e-child\" data-id=\"fda3553\" data-element_type=\"container\" data-e-type=\"container\" data-settings=\"{&quot;background_background&quot;:&quot;classic&quot;}\">\n\t\t<div class=\"elementor-element elementor-element-b28d165 e-con-full e-flex e-con e-child\" data-id=\"b28d165\" data-element_type=\"container\" data-e-type=\"container\">\n\t\t<div class=\"elementor-element elementor-element-4cbd03e e-con-full e-flex e-con e-child\" data-id=\"4cbd03e\" data-element_type=\"container\" data-e-type=\"container\" data-settings=\"{&quot;background_background&quot;:&quot;classic&quot;}\">\n\t\t\t\t<div class=\"elementor-element elementor-element-8699c3a elementor-widget-mobile_extra__width-initial elementor-widget elementor-widget-image\" data-id=\"8699c3a\" data-element_type=\"widget\" data-e-type=\"widget\" data-widget_type=\"image.default\">\n\t\t\t\t<div class=\"elementor-widget-container\">\n\t\t\t\t\t\t\t\t\t\t\t\t\t\t\t<img fetchpriority=\"high\" decoding=\"async\" width=\"800\" height=\"600\" src=\"https:\/\/yarrowisaac.com\/wp-content\/uploads\/2025\/06\/jokai_booklet-1024x768.webp\" class=\"attachment-large size-large wp-image-1439\" alt=\"\" srcset=\"https:\/\/yarrowisaac.com\/wp-content\/uploads\/2025\/06\/jokai_booklet-1024x768.webp 1024w, https:\/\/yarrowisaac.com\/wp-content\/uploads\/2025\/06\/jokai_booklet-300x225.webp 300w, https:\/\/yarrowisaac.com\/wp-content\/uploads\/2025\/06\/jokai_booklet-768x576.webp 768w, https:\/\/yarrowisaac.com\/wp-content\/uploads\/2025\/06\/jokai_booklet-1536x1152.webp 1536w, https:\/\/yarrowisaac.com\/wp-content\/uploads\/2025\/06\/jokai_booklet-2048x1536.webp 2048w\" sizes=\"(max-width: 800px) 100vw, 800px\" \/>\t\t\t\t\t\t\t\t\t\t\t\t\t\t\t<\/div>\n\t\t\t\t<\/div>\n\t\t\t\t<\/div>\n\t\t<div class=\"elementor-element elementor-element-6f3c4c0 e-con-full e-flex e-con e-child\" data-id=\"6f3c4c0\" data-element_type=\"container\" data-e-type=\"container\" data-settings=\"{&quot;background_background&quot;:&quot;classic&quot;,&quot;position&quot;:&quot;absolute&quot;}\">\n\t\t<div class=\"elementor-element elementor-element-2fb4234 e-con-full e-flex e-con e-child\" data-id=\"2fb4234\" data-element_type=\"container\" data-e-type=\"container\">\n\t\t\t\t<div class=\"elementor-element elementor-element-b80e276 elementor-widget elementor-widget-heading\" data-id=\"b80e276\" data-element_type=\"widget\" data-e-type=\"widget\" data-widget_type=\"heading.default\">\n\t\t\t\t<div class=\"elementor-widget-container\">\n\t\t\t\t\t<h2 class=\"elementor-heading-title elementor-size-default\">J\u00f3kai Klub<\/h2>\t\t\t\t<\/div>\n\t\t\t\t<\/div>\n\t\t\t\t<div class=\"elementor-element elementor-element-efb3bed elementor-widget elementor-widget-text-editor\" data-id=\"efb3bed\" data-element_type=\"widget\" data-e-type=\"widget\" data-widget_type=\"text-editor.default\">\n\t\t\t\t<div class=\"elementor-widget-container\">\n\t\t\t\t\t\t\t\t\t<p>The program booklet presents the regular events and activities of a community center in Budapest. Its clear and fresh appearance helps visitors easily navigate and find programs that interest them.<\/p>\t\t\t\t\t\t\t\t<\/div>\n\t\t\t\t<\/div>\n\t\t\t\t<\/div>\n\t\t\t\t<\/div>\n\t\t\t\t<\/div>\n\t\t<div class=\"elementor-element elementor-element-a374ad4 e-con-full e-flex e-con e-child\" data-id=\"a374ad4\" data-element_type=\"container\" data-e-type=\"container\">\n\t\t<div class=\"elementor-element elementor-element-a83626f e-con-full e-flex e-con e-child\" data-id=\"a83626f\" data-element_type=\"container\" data-e-type=\"container\" data-settings=\"{&quot;background_background&quot;:&quot;classic&quot;}\">\n\t\t\t\t<div class=\"elementor-element elementor-element-32838eb elementor-widget elementor-widget-heading\" data-id=\"32838eb\" data-element_type=\"widget\" data-e-type=\"widget\" data-widget_type=\"heading.default\">\n\t\t\t\t<div class=\"elementor-widget-container\">\n\t\t\t\t\t<h3 class=\"elementor-heading-title elementor-size-default\">Aim of project<\/h3>\t\t\t\t<\/div>\n\t\t\t\t<\/div>\n\t\t\t\t<div class=\"elementor-element elementor-element-2dc52e4 elementor-widget elementor-widget-text-editor\" data-id=\"2dc52e4\" data-element_type=\"widget\" data-e-type=\"widget\" data-widget_type=\"text-editor.default\">\n\t\t\t\t<div class=\"elementor-widget-container\">\n\t\t\t\t\t\t\t\t\t<p>Creating a clean and easy-to-read program booklet that fits the existing brand image and presents the community center's regularly organized events and activities. The program offering of the venue is extremely diverse, with activities organized for everyone from the youngest to the senior age group. That is why I used visual and structural solutions that are both friendly, inclusive and easy to understand for all ages. The goal was for the program booklet to not only inform, but also encourage community members to actively participate.<\/p>\t\t\t\t\t\t\t\t<\/div>\n\t\t\t\t<\/div>\n\t\t\t\t<\/div>\n\t\t<div class=\"elementor-element elementor-element-e0cc5a0 e-con-full e-flex e-con e-child\" data-id=\"e0cc5a0\" data-element_type=\"container\" data-e-type=\"container\">\n\t\t\t\t<div class=\"elementor-element elementor-element-68ad5ca elementor-widget elementor-widget-gallery\" data-id=\"68ad5ca\" data-element_type=\"widget\" data-e-type=\"widget\" data-settings=\"{&quot;columns&quot;:3,&quot;gap&quot;:{&quot;unit&quot;:&quot;px&quot;,&quot;size&quot;:24,&quot;sizes&quot;:[]},&quot;columns_tablet&quot;:3,&quot;columns_mobile_extra&quot;:1,&quot;gap_mobile_extra&quot;:{&quot;unit&quot;:&quot;px&quot;,&quot;size&quot;:24,&quot;sizes&quot;:[]},&quot;gap_mobile&quot;:{&quot;unit&quot;:&quot;px&quot;,&quot;size&quot;:24,&quot;sizes&quot;:[]},&quot;gallery_layout&quot;:&quot;grid&quot;,&quot;columns_mobile&quot;:1,&quot;gap_tablet_extra&quot;:{&quot;unit&quot;:&quot;px&quot;,&quot;size&quot;:10,&quot;sizes&quot;:[]},&quot;gap_tablet&quot;:{&quot;unit&quot;:&quot;px&quot;,&quot;size&quot;:10,&quot;sizes&quot;:[]},&quot;link_to&quot;:&quot;file&quot;,&quot;aspect_ratio&quot;:&quot;3:2&quot;,&quot;overlay_background&quot;:&quot;yes&quot;,&quot;content_hover_animation&quot;:&quot;fade-in&quot;}\" data-widget_type=\"gallery.default\">\n\t\t\t\t<div class=\"elementor-widget-container\">\n\t\t\t\t\t\t\t<div class=\"elementor-gallery__container\">\n\t\t\t\t\t\t\t<a class=\"e-gallery-item elementor-gallery-item elementor-animated-content\" href=\"https:\/\/yarrowisaac.com\/wp-content\/uploads\/2025\/06\/jokai_booklet-scaled.webp\" data-elementor-open-lightbox=\"yes\" data-elementor-lightbox-slideshow=\"68ad5ca\" data-elementor-lightbox-title=\"jokai-booklet-1\" data-e-action-hash=\"#elementor-action%3Aaction%3Dlightbox%26settings%3DeyJpZCI6MTQzOSwidXJsIjoiaHR0cHM6XC9cL3lhcnJvd2lzYWFjLmNvbVwvd3AtY29udGVudFwvdXBsb2Fkc1wvMjAyNVwvMDZcL2pva2FpX2Jvb2tsZXQtc2NhbGVkLndlYnAiLCJzbGlkZXNob3ciOiI2OGFkNWNhIn0%3D\">\n\t\t\t\t\t<div class=\"e-gallery-image elementor-gallery-item__image\" data-thumbnail=\"https:\/\/yarrowisaac.com\/wp-content\/uploads\/2025\/06\/jokai_booklet-scaled.webp\" data-width=\"2560\" data-height=\"1920\" aria-label=\"\" role=\"img\" ><\/div>\n\t\t\t\t\t\t\t\t\t\t\t<div class=\"elementor-gallery-item__overlay\"><\/div>\n\t\t\t\t\t\t\t\t\t\t\t\t\t\t<\/a>\n\t\t\t\t\t\t\t<a class=\"e-gallery-item elementor-gallery-item elementor-animated-content\" href=\"https:\/\/yarrowisaac.com\/wp-content\/uploads\/2025\/06\/flipping_booklet-scaled.webp\" data-elementor-open-lightbox=\"yes\" data-elementor-lightbox-slideshow=\"68ad5ca\" data-elementor-lightbox-title=\"jokai-booklet-2\" data-e-action-hash=\"#elementor-action%3Aaction%3Dlightbox%26settings%3DeyJpZCI6MTQ2OCwidXJsIjoiaHR0cHM6XC9cL3lhcnJvd2lzYWFjLmNvbVwvd3AtY29udGVudFwvdXBsb2Fkc1wvMjAyNVwvMDZcL2ZsaXBwaW5nX2Jvb2tsZXQtc2NhbGVkLndlYnAiLCJzbGlkZXNob3ciOiI2OGFkNWNhIn0%3D\">\n\t\t\t\t\t<div class=\"e-gallery-image elementor-gallery-item__image\" data-thumbnail=\"https:\/\/yarrowisaac.com\/wp-content\/uploads\/2025\/06\/flipping_booklet-scaled.webp\" data-width=\"2560\" data-height=\"1707\" aria-label=\"\" role=\"img\" ><\/div>\n\t\t\t\t\t\t\t\t\t\t\t<div class=\"elementor-gallery-item__overlay\"><\/div>\n\t\t\t\t\t\t\t\t\t\t\t\t\t\t<\/a>\n\t\t\t\t\t\t\t<a class=\"e-gallery-item elementor-gallery-item elementor-animated-content\" href=\"https:\/\/yarrowisaac.com\/wp-content\/uploads\/2025\/06\/3_booklet-scaled.webp\" data-elementor-open-lightbox=\"yes\" data-elementor-lightbox-slideshow=\"68ad5ca\" data-elementor-lightbox-title=\"jokai-booklet-3\" data-e-action-hash=\"#elementor-action%3Aaction%3Dlightbox%26settings%3DeyJpZCI6MTQ2OSwidXJsIjoiaHR0cHM6XC9cL3lhcnJvd2lzYWFjLmNvbVwvd3AtY29udGVudFwvdXBsb2Fkc1wvMjAyNVwvMDZcLzNfYm9va2xldC1zY2FsZWQud2VicCIsInNsaWRlc2hvdyI6IjY4YWQ1Y2EifQ%3D%3D\">\n\t\t\t\t\t<div class=\"e-gallery-image elementor-gallery-item__image\" data-thumbnail=\"https:\/\/yarrowisaac.com\/wp-content\/uploads\/2025\/06\/3_booklet-scaled.webp\" data-width=\"2560\" data-height=\"1707\" aria-label=\"\" role=\"img\" ><\/div>\n\t\t\t\t\t\t\t\t\t\t\t<div class=\"elementor-gallery-item__overlay\"><\/div>\n\t\t\t\t\t\t\t\t\t\t\t\t\t\t<\/a>\n\t\t\t\t\t<\/div>\n\t\t\t\t\t<\/div>\n\t\t\t\t<\/div>\n\t\t\t\t<\/div>\n\t\t\t\t<\/div>\n\t\t<footer class=\"elementor-element elementor-element-0e614bb e-con-full e-flex e-con e-child\" data-id=\"0e614bb\" data-element_type=\"container\" data-e-type=\"container\" data-settings=\"{&quot;background_background&quot;:&quot;classic&quot;}\">\n\t\t<div class=\"elementor-element elementor-element-0ba94f8 e-con-full e-flex e-con e-child\" data-id=\"0ba94f8\" data-element_type=\"container\" data-e-type=\"container\">\n\t\t\t\t<div class=\"elementor-element elementor-element-20aa469 elementor-widget elementor-widget-text-editor\" data-id=\"20aa469\" data-element_type=\"widget\" data-e-type=\"widget\" data-widget_type=\"text-editor.default\">\n\t\t\t\t<div class=\"elementor-widget-container\">\n\t\t\t\t\t\t\t\t\t<p>Yarrow Isaac<\/p>\t\t\t\t\t\t\t\t<\/div>\n\t\t\t\t<\/div>\n\t\t\t\t<div class=\"elementor-element elementor-element-4e419f3 elementor-widget elementor-widget-text-editor\" data-id=\"4e419f3\" data-element_type=\"widget\" data-e-type=\"widget\" data-widget_type=\"text-editor.default\">\n\t\t\t\t<div class=\"elementor-widget-container\">\n\t\t\t\t\t\t\t\t\t<p>hello@yarrowisaac.com<\/p>\t\t\t\t\t\t\t\t<\/div>\n\t\t\t\t<\/div>\n\t\t\t\t<\/div>\n\t\t<div class=\"elementor-element elementor-element-8803a96 e-con-full e-flex e-con e-child\" data-id=\"8803a96\" data-element_type=\"container\" data-e-type=\"container\">\n\t\t\t\t<div class=\"elementor-element elementor-element-910ab29 elementor-view-default elementor-widget elementor-widget-icon\" data-id=\"910ab29\" data-element_type=\"widget\" data-e-type=\"widget\" data-widget_type=\"icon.default\">\n\t\t\t\t<div class=\"elementor-widget-container\">\n\t\t\t\t\t\t\t<div class=\"elementor-icon-wrapper\">\n\t\t\t<a class=\"elementor-icon\" href=\"https:\/\/www.linkedin.com\/in\/rebeka-izs%C3%A1k-384799197\/\" target=\"_blank\">\n\t\t\t<svg aria-hidden=\"true\" class=\"e-font-icon-svg e-fab-linkedin\" viewbox=\"0 0 448 512\" xmlns=\"http:\/\/www.w3.org\/2000\/svg\"><path d=\"M416 32H31.9C14.3 32 0 46.5 0 64.3v383.4C0 465.5 14.3 480 31.9 480H416c17.6 0 32-14.5 32-32.3V64.3c0-17.8-14.4-32.3-32-32.3zM135.4 416H69V202.2h66.5V416zm-33.2-243c-21.3 0-38.5-17.3-38.5-38.5S80.9 96 102.2 96c21.2 0 38.5 17.3 38.5 38.5 0 21.3-17.2 38.5-38.5 38.5zm282.1 243h-66.4V312c0-24.8-.5-56.7-34.5-56.7-34.6 0-39.9 27-39.9 54.9V416h-66.4V202.2h63.7v29.2h.9c8.9-16.8 30.6-34.5 62.9-34.5 67.2 0 79.7 44.3 79.7 101.9V416z\"><\/path><\/svg>\t\t\t<\/a>\n\t\t<\/div>\n\t\t\t\t\t\t<\/div>\n\t\t\t\t<\/div>\n\t\t\t\t<div class=\"elementor-element elementor-element-3b4213a elementor-view-default elementor-widget elementor-widget-icon\" data-id=\"3b4213a\" data-element_type=\"widget\" data-e-type=\"widget\" data-widget_type=\"icon.default\">\n\t\t\t\t<div class=\"elementor-widget-container\">\n\t\t\t\t\t\t\t<div class=\"elementor-icon-wrapper\">\n\t\t\t<a class=\"elementor-icon\" href=\"https:\/\/www.behance.net\/rebekaizsk\" target=\"_blank\">\n\t\t\t<svg aria-hidden=\"true\" class=\"e-font-icon-svg e-fab-behance-square\" viewbox=\"0 0 448 512\" xmlns=\"http:\/\/www.w3.org\/2000\/svg\"><path d=\"M186.5 293c0 19.3-14 25.4-31.2 25.4h-45.1v-52.9h46c18.6.1 30.3 7.8 30.3 27.5zm-7.7-82.3c0-17.7-13.7-21.9-28.9-21.9h-39.6v44.8H153c15.1 0 25.8-6.6 25.8-22.9zm132.3 23.2c-18.3 0-30.5 11.4-31.7 29.7h62.2c-1.7-18.5-11.3-29.7-30.5-29.7zM448 80v352c0 26.5-21.5 48-48 48H48c-26.5 0-48-21.5-48-48V80c0-26.5 21.5-48 48-48h352c26.5 0 48 21.5 48 48zM271.7 185h77.8v-18.9h-77.8V185zm-43 110.3c0-24.1-11.4-44.9-35-51.6 17.2-8.2 26.2-17.7 26.2-37 0-38.2-28.5-47.5-61.4-47.5H68v192h93.1c34.9-.2 67.6-16.9 67.6-55.9zM380 280.5c0-41.1-24.1-75.4-67.6-75.4-42.4 0-71.1 31.8-71.1 73.6 0 43.3 27.3 73 71.1 73 33.2 0 54.7-14.9 65.1-46.8h-33.7c-3.7 11.9-18.6 18.1-30.2 18.1-22.4 0-34.1-13.1-34.1-35.3h100.2c.1-2.3.3-4.8.3-7.2z\"><\/path><\/svg>\t\t\t<\/a>\n\t\t<\/div>\n\t\t\t\t\t\t<\/div>\n\t\t\t\t<\/div>\n\t\t\t\t<\/div>\n\t\t\t\t<\/footer>\n\t\t\t\t<\/div>\n\t\t\t\t\t<\/div>\n\t\t\t\t<\/div>\n\t\t\t\t<\/div>","protected":false},"excerpt":{"rendered":"<p>J\u00f3kai Klub A programf\u00fczet egy budapesti k\u00f6z\u00f6ss\u00e9gi h\u00e1z rendszeres esem\u00e9nyeit \u00e9s foglalkoz\u00e1sait mutatja be. Friss, \u00e1tl\u00e1that\u00f3 megjelen\u00e9se seg\u00edti a l\u00e1togat\u00f3kat a k\u00f6nny\u0171 t\u00e1j\u00e9koz\u00f3d\u00e1sban \u00e9s a sz\u00e1mukra \u00e9rdekes programok megtal\u00e1l\u00e1s\u00e1ban. Projekt c\u00e9lja A megl\u00e9v\u0151 arculathoz illeszked\u0151, letisztult \u00e9s k\u00f6nnyen \u00e1ttekinthet\u0151 programf\u00fczet k\u00e9sz\u00edt\u00e9se, amely bemutatja a k\u00f6z\u00f6ss\u00e9gi k\u00f6zpont rendszeresen megrendezett esem\u00e9nyeit \u00e9s foglalkoz\u00e1sait. A helysz\u00edn programk\u00edn\u00e1lata rendk\u00edv\u00fcl [&hellip;]<\/p>\n","protected":false},"author":1,"featured_media":0,"parent":0,"menu_order":0,"comment_status":"closed","ping_status":"closed","template":"","meta":{"_acf_changed":false,"inline_featured_image":false,"footnotes":""},"class_list":["post-1434","page","type-page","status-publish","hentry"],"acf":[],"yoast_head":"<!-- This site is optimized with the Yoast SEO plugin v27.4 - https:\/\/yoast.com\/product\/yoast-seo-wordpress\/ -->\n<title>Portfolio-Jokai-klub - Yarrow Isaac portfolio site<\/title>\n<meta name=\"robots\" content=\"index, follow, max-snippet:-1, max-image-preview:large, max-video-preview:-1\" \/>\n<link rel=\"canonical\" href=\"https:\/\/yarrowisaac.com\/en\/portfolio-jokai-klub\/\" \/>\n<meta property=\"og:locale\" content=\"en_US\" \/>\n<meta property=\"og:type\" content=\"article\" \/>\n<meta property=\"og:title\" content=\"Portfolio-Jokai-klub - Yarrow Isaac portfolio site\" \/>\n<meta property=\"og:description\" content=\"J\u00f3kai Klub A programf\u00fczet egy budapesti k\u00f6z\u00f6ss\u00e9gi h\u00e1z rendszeres esem\u00e9nyeit \u00e9s foglalkoz\u00e1sait mutatja be. Friss, \u00e1tl\u00e1that\u00f3 megjelen\u00e9se seg\u00edti a l\u00e1togat\u00f3kat a k\u00f6nny\u0171 t\u00e1j\u00e9koz\u00f3d\u00e1sban \u00e9s a sz\u00e1mukra \u00e9rdekes programok megtal\u00e1l\u00e1s\u00e1ban. Projekt c\u00e9lja A megl\u00e9v\u0151 arculathoz illeszked\u0151, letisztult \u00e9s k\u00f6nnyen \u00e1ttekinthet\u0151 programf\u00fczet k\u00e9sz\u00edt\u00e9se, amely bemutatja a k\u00f6z\u00f6ss\u00e9gi k\u00f6zpont rendszeresen megrendezett esem\u00e9nyeit \u00e9s foglalkoz\u00e1sait. A helysz\u00edn programk\u00edn\u00e1lata rendk\u00edv\u00fcl [&hellip;]\" \/>\n<meta property=\"og:url\" content=\"https:\/\/yarrowisaac.com\/en\/portfolio-jokai-klub\/\" \/>\n<meta property=\"og:site_name\" content=\"Yarrow Isaac portfolio site\" \/>\n<meta property=\"article:modified_time\" content=\"2025-07-18T09:22:03+00:00\" \/>\n<meta property=\"og:image\" content=\"https:\/\/yarrowisaac.com\/wp-content\/uploads\/2025\/06\/jokai_booklet-scaled.webp\" \/>\n\t<meta property=\"og:image:width\" content=\"2560\" \/>\n\t<meta property=\"og:image:height\" content=\"1920\" \/>\n\t<meta property=\"og:image:type\" content=\"image\/webp\" \/>\n<meta name=\"twitter:card\" content=\"summary_large_image\" \/>\n<meta name=\"twitter:label1\" content=\"Est. reading time\" \/>\n\t<meta name=\"twitter:data1\" content=\"1 minute\" \/>\n<script type=\"application\/ld+json\" class=\"yoast-schema-graph\">{\"@context\":\"https:\\\/\\\/schema.org\",\"@graph\":[{\"@type\":\"WebPage\",\"@id\":\"https:\\\/\\\/yarrowisaac.com\\\/portfolio-jokai-klub\\\/\",\"url\":\"https:\\\/\\\/yarrowisaac.com\\\/portfolio-jokai-klub\\\/\",\"name\":\"Portfolio-Jokai-klub - Yarrow Isaac portfolio site\",\"isPartOf\":{\"@id\":\"https:\\\/\\\/yarrowisaac.com\\\/#website\"},\"primaryImageOfPage\":{\"@id\":\"https:\\\/\\\/yarrowisaac.com\\\/portfolio-jokai-klub\\\/#primaryimage\"},\"image\":{\"@id\":\"https:\\\/\\\/yarrowisaac.com\\\/portfolio-jokai-klub\\\/#primaryimage\"},\"thumbnailUrl\":\"https:\\\/\\\/yarrowisaac.com\\\/wp-content\\\/uploads\\\/2025\\\/06\\\/jokai_booklet-1024x768.webp\",\"datePublished\":\"2025-06-07T10:04:04+00:00\",\"dateModified\":\"2025-07-18T09:22:03+00:00\",\"breadcrumb\":{\"@id\":\"https:\\\/\\\/yarrowisaac.com\\\/portfolio-jokai-klub\\\/#breadcrumb\"},\"inLanguage\":\"en-US\",\"potentialAction\":[{\"@type\":\"ReadAction\",\"target\":[\"https:\\\/\\\/yarrowisaac.com\\\/portfolio-jokai-klub\\\/\"]}]},{\"@type\":\"ImageObject\",\"inLanguage\":\"en-US\",\"@id\":\"https:\\\/\\\/yarrowisaac.com\\\/portfolio-jokai-klub\\\/#primaryimage\",\"url\":\"https:\\\/\\\/yarrowisaac.com\\\/wp-content\\\/uploads\\\/2025\\\/06\\\/jokai_booklet-1024x768.webp\",\"contentUrl\":\"https:\\\/\\\/yarrowisaac.com\\\/wp-content\\\/uploads\\\/2025\\\/06\\\/jokai_booklet-1024x768.webp\"},{\"@type\":\"BreadcrumbList\",\"@id\":\"https:\\\/\\\/yarrowisaac.com\\\/portfolio-jokai-klub\\\/#breadcrumb\",\"itemListElement\":[{\"@type\":\"ListItem\",\"position\":1,\"name\":\"Kezd\u0151lap\",\"item\":\"https:\\\/\\\/yarrowisaac.com\\\/\"},{\"@type\":\"ListItem\",\"position\":2,\"name\":\"Portfolio-Jokai-klub\"}]},{\"@type\":\"WebSite\",\"@id\":\"https:\\\/\\\/yarrowisaac.com\\\/#website\",\"url\":\"https:\\\/\\\/yarrowisaac.com\\\/\",\"name\":\"Yarrow Isaac portfolio site\",\"description\":\"UX\\\/UI designer and Graphic Designer potfolio\",\"publisher\":{\"@id\":\"https:\\\/\\\/yarrowisaac.com\\\/#\\\/schema\\\/person\\\/8df4a6067d8b84f4dd481d50a4bbafaa\"},\"potentialAction\":[{\"@type\":\"SearchAction\",\"target\":{\"@type\":\"EntryPoint\",\"urlTemplate\":\"https:\\\/\\\/yarrowisaac.com\\\/?s={search_term_string}\"},\"query-input\":{\"@type\":\"PropertyValueSpecification\",\"valueRequired\":true,\"valueName\":\"search_term_string\"}}],\"inLanguage\":\"en-US\"},{\"@type\":[\"Person\",\"Organization\"],\"@id\":\"https:\\\/\\\/yarrowisaac.com\\\/#\\\/schema\\\/person\\\/8df4a6067d8b84f4dd481d50a4bbafaa\",\"name\":\"Yarrow Isaac\",\"image\":{\"@type\":\"ImageObject\",\"inLanguage\":\"en-US\",\"@id\":\"https:\\\/\\\/yarrowisaac.com\\\/wp-content\\\/uploads\\\/2025\\\/04\\\/yarrowisaac_logo_wide.png\",\"url\":\"https:\\\/\\\/yarrowisaac.com\\\/wp-content\\\/uploads\\\/2025\\\/04\\\/yarrowisaac_logo_wide.png\",\"contentUrl\":\"https:\\\/\\\/yarrowisaac.com\\\/wp-content\\\/uploads\\\/2025\\\/04\\\/yarrowisaac_logo_wide.png\",\"width\":350,\"height\":100,\"caption\":\"Yarrow Isaac\"},\"logo\":{\"@id\":\"https:\\\/\\\/yarrowisaac.com\\\/wp-content\\\/uploads\\\/2025\\\/04\\\/yarrowisaac_logo_wide.png\"},\"sameAs\":[\"https:\\\/\\\/yarrowisaac.com\"]}]}<\/script>\n<!-- \/ Yoast SEO plugin. -->","yoast_head_json":{"title":"Portfolio-Jokai-klub - Yarrow Isaac portfolio site","robots":{"index":"index","follow":"follow","max-snippet":"max-snippet:-1","max-image-preview":"max-image-preview:large","max-video-preview":"max-video-preview:-1"},"canonical":"https:\/\/yarrowisaac.com\/en\/portfolio-jokai-klub\/","og_locale":"en_US","og_type":"article","og_title":"Portfolio-Jokai-klub - Yarrow Isaac portfolio site","og_description":"J\u00f3kai Klub A programf\u00fczet egy budapesti k\u00f6z\u00f6ss\u00e9gi h\u00e1z rendszeres esem\u00e9nyeit \u00e9s foglalkoz\u00e1sait mutatja be. Friss, \u00e1tl\u00e1that\u00f3 megjelen\u00e9se seg\u00edti a l\u00e1togat\u00f3kat a k\u00f6nny\u0171 t\u00e1j\u00e9koz\u00f3d\u00e1sban \u00e9s a sz\u00e1mukra \u00e9rdekes programok megtal\u00e1l\u00e1s\u00e1ban. Projekt c\u00e9lja A megl\u00e9v\u0151 arculathoz illeszked\u0151, letisztult \u00e9s k\u00f6nnyen \u00e1ttekinthet\u0151 programf\u00fczet k\u00e9sz\u00edt\u00e9se, amely bemutatja a k\u00f6z\u00f6ss\u00e9gi k\u00f6zpont rendszeresen megrendezett esem\u00e9nyeit \u00e9s foglalkoz\u00e1sait. A helysz\u00edn programk\u00edn\u00e1lata rendk\u00edv\u00fcl [&hellip;]","og_url":"https:\/\/yarrowisaac.com\/en\/portfolio-jokai-klub\/","og_site_name":"Yarrow Isaac portfolio site","article_modified_time":"2025-07-18T09:22:03+00:00","og_image":[{"width":2560,"height":1920,"url":"https:\/\/yarrowisaac.com\/wp-content\/uploads\/2025\/06\/jokai_booklet-scaled.webp","type":"image\/webp"}],"twitter_card":"summary_large_image","twitter_misc":{"Est. reading time":"1 minute"},"schema":{"@context":"https:\/\/schema.org","@graph":[{"@type":"WebPage","@id":"https:\/\/yarrowisaac.com\/portfolio-jokai-klub\/","url":"https:\/\/yarrowisaac.com\/portfolio-jokai-klub\/","name":"Portfolio-Jokai-klub - Yarrow Isaac portfolio site","isPartOf":{"@id":"https:\/\/yarrowisaac.com\/#website"},"primaryImageOfPage":{"@id":"https:\/\/yarrowisaac.com\/portfolio-jokai-klub\/#primaryimage"},"image":{"@id":"https:\/\/yarrowisaac.com\/portfolio-jokai-klub\/#primaryimage"},"thumbnailUrl":"https:\/\/yarrowisaac.com\/wp-content\/uploads\/2025\/06\/jokai_booklet-1024x768.webp","datePublished":"2025-06-07T10:04:04+00:00","dateModified":"2025-07-18T09:22:03+00:00","breadcrumb":{"@id":"https:\/\/yarrowisaac.com\/portfolio-jokai-klub\/#breadcrumb"},"inLanguage":"en-US","potentialAction":[{"@type":"ReadAction","target":["https:\/\/yarrowisaac.com\/portfolio-jokai-klub\/"]}]},{"@type":"ImageObject","inLanguage":"en-US","@id":"https:\/\/yarrowisaac.com\/portfolio-jokai-klub\/#primaryimage","url":"https:\/\/yarrowisaac.com\/wp-content\/uploads\/2025\/06\/jokai_booklet-1024x768.webp","contentUrl":"https:\/\/yarrowisaac.com\/wp-content\/uploads\/2025\/06\/jokai_booklet-1024x768.webp"},{"@type":"BreadcrumbList","@id":"https:\/\/yarrowisaac.com\/portfolio-jokai-klub\/#breadcrumb","itemListElement":[{"@type":"ListItem","position":1,"name":"Kezd\u0151lap","item":"https:\/\/yarrowisaac.com\/"},{"@type":"ListItem","position":2,"name":"Portfolio-Jokai-klub"}]},{"@type":"WebSite","@id":"https:\/\/yarrowisaac.com\/#website","url":"https:\/\/yarrowisaac.com\/","name":"Yarrow Isaac portfolio site","description":"UX\/UI designer and Graphic Designer potfolio","publisher":{"@id":"https:\/\/yarrowisaac.com\/#\/schema\/person\/8df4a6067d8b84f4dd481d50a4bbafaa"},"potentialAction":[{"@type":"SearchAction","target":{"@type":"EntryPoint","urlTemplate":"https:\/\/yarrowisaac.com\/?s={search_term_string}"},"query-input":{"@type":"PropertyValueSpecification","valueRequired":true,"valueName":"search_term_string"}}],"inLanguage":"en-US"},{"@type":["Person","Organization"],"@id":"https:\/\/yarrowisaac.com\/#\/schema\/person\/8df4a6067d8b84f4dd481d50a4bbafaa","name":"Yarrow Isaac","image":{"@type":"ImageObject","inLanguage":"en-US","@id":"https:\/\/yarrowisaac.com\/wp-content\/uploads\/2025\/04\/yarrowisaac_logo_wide.png","url":"https:\/\/yarrowisaac.com\/wp-content\/uploads\/2025\/04\/yarrowisaac_logo_wide.png","contentUrl":"https:\/\/yarrowisaac.com\/wp-content\/uploads\/2025\/04\/yarrowisaac_logo_wide.png","width":350,"height":100,"caption":"Yarrow Isaac"},"logo":{"@id":"https:\/\/yarrowisaac.com\/wp-content\/uploads\/2025\/04\/yarrowisaac_logo_wide.png"},"sameAs":["https:\/\/yarrowisaac.com"]}]}},"_links":{"self":[{"href":"https:\/\/yarrowisaac.com\/en\/wp-json\/wp\/v2\/pages\/1434","targetHints":{"allow":["GET"]}}],"collection":[{"href":"https:\/\/yarrowisaac.com\/en\/wp-json\/wp\/v2\/pages"}],"about":[{"href":"https:\/\/yarrowisaac.com\/en\/wp-json\/wp\/v2\/types\/page"}],"author":[{"embeddable":true,"href":"https:\/\/yarrowisaac.com\/en\/wp-json\/wp\/v2\/users\/1"}],"replies":[{"embeddable":true,"href":"https:\/\/yarrowisaac.com\/en\/wp-json\/wp\/v2\/comments?post=1434"}],"version-history":[{"count":118,"href":"https:\/\/yarrowisaac.com\/en\/wp-json\/wp\/v2\/pages\/1434\/revisions"}],"predecessor-version":[{"id":2732,"href":"https:\/\/yarrowisaac.com\/en\/wp-json\/wp\/v2\/pages\/1434\/revisions\/2732"}],"wp:attachment":[{"href":"https:\/\/yarrowisaac.com\/en\/wp-json\/wp\/v2\/media?parent=1434"}],"curies":[{"name":"wp","href":"https:\/\/api.w.org\/{rel}","templated":true}]}}