{"id":13,"date":"2025-04-15T18:19:19","date_gmt":"2025-04-15T16:19:19","guid":{"rendered":"https:\/\/izsak-rebeka.holloka-uxuikepzes.hu\/?page_id=13"},"modified":"2025-07-18T11:21:01","modified_gmt":"2025-07-18T09:21:01","slug":"kapcsolat","status":"publish","type":"page","link":"https:\/\/yarrowisaac.com\/en\/kapcsolat\/","title":{"rendered":"Contact"},"content":{"rendered":"\t\t<div data-elementor-type=\"wp-page\" data-elementor-id=\"13\" class=\"elementor elementor-13\" data-elementor-post-type=\"page\">\n\t\t\t\t<div class=\"elementor-element elementor-element-a456242 e-flex e-con-boxed e-con e-parent\" data-id=\"a456242\" data-element_type=\"container\" data-e-type=\"container\">\n\t\t\t\t\t<div class=\"e-con-inner\">\n\t\t<div class=\"elementor-element elementor-element-2d14fe2 e-con-full e-flex e-con e-child\" data-id=\"2d14fe2\" data-element_type=\"container\" data-e-type=\"container\" data-settings=\"{&quot;background_background&quot;:&quot;classic&quot;}\">\n\t\t<div class=\"elementor-element elementor-element-4ecad3c e-con-full e-flex e-con e-child\" data-id=\"4ecad3c\" data-element_type=\"container\" data-e-type=\"container\" data-settings=\"{&quot;background_background&quot;:&quot;classic&quot;}\">\n\t\t<div class=\"elementor-element elementor-element-73bf1e3 e-con-full e-flex e-con e-child\" data-id=\"73bf1e3\" data-element_type=\"container\" data-e-type=\"container\" data-settings=\"{&quot;background_background&quot;:&quot;classic&quot;}\">\n\t\t\t\t<div class=\"elementor-element elementor-element-06b1342 elementor-widget elementor-widget-heading\" data-id=\"06b1342\" data-element_type=\"widget\" data-e-type=\"widget\" data-widget_type=\"heading.default\">\n\t\t\t\t<div class=\"elementor-widget-container\">\n\t\t\t\t\t<h2 class=\"elementor-heading-title elementor-size-default\">\u00d6tleted, k\u00e9rd\u00e9sed van, vagy csak \u00edrn\u00e1l p\u00e1r sort?<\/h2>\t\t\t\t<\/div>\n\t\t\t\t<\/div>\n\t\t\t\t<div class=\"elementor-element elementor-element-8b406d9 elementor-widget elementor-widget-text-editor\" data-id=\"8b406d9\" data-element_type=\"widget\" data-e-type=\"widget\" data-widget_type=\"text-editor.default\">\n\t\t\t\t<div class=\"elementor-widget-container\">\n\t\t\t\t\t\t\t\t\t<p>T\u00f6ltsd ki az \u0171rlapot \u00e9s \u00edrj b\u00e1tran! Legyen sz\u00f3 k\u00f6z\u00f6s projektr\u0151l, egy\u00fcttm\u0171k\u00f6d\u00e9sr\u0151l, vagy csak egy gyors hell\u00f3r\u00f3l, minden \u00fczenetnek \u00f6r\u00fcl\u00f6k, \u00e9s igyekszem hamar v\u00e1laszolni!<\/p>\t\t\t\t\t\t\t\t<\/div>\n\t\t\t\t<\/div>\n\t\t\t\t<\/div>\n\t\t<div class=\"elementor-element elementor-element-736dcce e-con-full e-flex e-con e-child\" data-id=\"736dcce\" data-element_type=\"container\" data-e-type=\"container\" data-settings=\"{&quot;background_background&quot;:&quot;classic&quot;}\">\n\t\t\t\t<div class=\"elementor-element elementor-element-c224b57 elementor-button-align-end elementor-widget elementor-widget-form\" data-id=\"c224b57\" data-element_type=\"widget\" data-e-type=\"widget\" data-settings=\"{&quot;step_next_label&quot;:&quot;K\\u00f6vetkez\\u0151&quot;,&quot;step_previous_label&quot;:&quot;El\\u0151z\\u0151&quot;,&quot;step_type&quot;:&quot;number_text&quot;,&quot;step_icon_shape&quot;:&quot;circle&quot;}\" data-widget_type=\"form.default\">\n\t\t\t\t<div class=\"elementor-widget-container\">\n\t\t\t\t\t\t\t<form class=\"elementor-form\" method=\"post\" name=\"Contact form\" aria-label=\"Contact form\">\n\t\t\t<input type=\"hidden\" name=\"post_id\" value=\"13\"\/>\n\t\t\t<input type=\"hidden\" name=\"form_id\" value=\"c224b57\"\/>\n\t\t\t<input type=\"hidden\" name=\"referer_title\" value=\"Kapcsolat - Yarrow Isaac portfolio site\" \/>\n\n\t\t\t\t\t\t\t<input type=\"hidden\" name=\"queried_id\" value=\"13\"\/>\n\t\t\t\n\t\t\t<div class=\"elementor-form-fields-wrapper elementor-labels-above\">\n\t\t\t\t\t\t\t\t<div class=\"elementor-field-type-text elementor-field-group elementor-column elementor-field-group-name elementor-col-100 elementor-field-required\">\n\t\t\t\t\t\t\t\t\t\t\t\t<label for=\"form-field-name\" class=\"elementor-field-label\">\n\t\t\t\t\t\t\t\tN\u00e9v\t\t\t\t\t\t\t<\/label>\n\t\t\t\t\t\t\t\t\t\t\t\t\t\t<input size=\"1\" type=\"text\" name=\"form_fields[name]\" id=\"form-field-name\" class=\"elementor-field elementor-size-lg  elementor-field-textual\" placeholder=\"Neved\" required=\"required\">\n\t\t\t\t\t\t\t\t\t\t\t<\/div>\n\t\t\t\t\t\t\t\t<div class=\"elementor-field-type-email elementor-field-group elementor-column elementor-field-group-email elementor-col-100 elementor-field-required\">\n\t\t\t\t\t\t\t\t\t\t\t\t<label for=\"form-field-email\" class=\"elementor-field-label\">\n\t\t\t\t\t\t\t\tE-mail c\u00edm\t\t\t\t\t\t\t<\/label>\n\t\t\t\t\t\t\t\t\t\t\t\t\t\t<input size=\"1\" type=\"email\" name=\"form_fields[email]\" id=\"form-field-email\" class=\"elementor-field elementor-size-lg  elementor-field-textual\" placeholder=\"E-mail c\u00edmed\" required=\"required\">\n\t\t\t\t\t\t\t\t\t\t\t<\/div>\n\t\t\t\t\t\t\t\t<div class=\"elementor-field-type-textarea elementor-field-group elementor-column elementor-field-group-message elementor-col-100 elementor-field-required\">\n\t\t\t\t\t\t\t\t\t\t\t\t<label for=\"form-field-message\" class=\"elementor-field-label\">\n\t\t\t\t\t\t\t\t\u00dczenet\t\t\t\t\t\t\t<\/label>\n\t\t\t\t\t\t<textarea class=\"elementor-field-textual elementor-field  elementor-size-lg\" name=\"form_fields[message]\" id=\"form-field-message\" rows=\"4\" placeholder=\"Ide \u00edrd az \u00fczeneted\" required=\"required\"><\/textarea>\t\t\t\t<\/div>\n\t\t\t\t\t\t\t\t<div class=\"elementor-field-group elementor-column elementor-field-type-submit elementor-col-100 e-form__buttons\">\n\t\t\t\t\t<button class=\"elementor-button elementor-size-sm\" type=\"submit\">\n\t\t\t\t\t\t<span class=\"elementor-button-content-wrapper\">\n\t\t\t\t\t\t\t\t\t\t\t\t\t\t\t\t\t\t\t\t\t\t<span class=\"elementor-button-text\">Mehet az \u00fczenet!<\/span>\n\t\t\t\t\t\t\t\t\t\t\t\t\t<\/span>\n\t\t\t\t\t<\/button>\n\t\t\t\t<\/div>\n\t\t\t<\/div>\n\t\t<\/form>\n\t\t\t\t\t\t<\/div>\n\t\t\t\t<\/div>\n\t\t\t\t<\/div>\n\t\t\t\t<\/div>\n\t\t<footer class=\"elementor-element elementor-element-2b49f60 e-con-full e-flex e-con e-child\" data-id=\"2b49f60\" data-element_type=\"container\" data-e-type=\"container\" data-settings=\"{&quot;background_background&quot;:&quot;classic&quot;}\">\n\t\t<div class=\"elementor-element elementor-element-4b7634d e-con-full e-flex e-con e-child\" data-id=\"4b7634d\" data-element_type=\"container\" data-e-type=\"container\">\n\t\t\t\t<div class=\"elementor-element elementor-element-15a8c6c elementor-widget elementor-widget-text-editor\" data-id=\"15a8c6c\" data-element_type=\"widget\" data-e-type=\"widget\" data-widget_type=\"text-editor.default\">\n\t\t\t\t<div class=\"elementor-widget-container\">\n\t\t\t\t\t\t\t\t\t<p>Yarrow Isaac<\/p>\t\t\t\t\t\t\t\t<\/div>\n\t\t\t\t<\/div>\n\t\t\t\t<div class=\"elementor-element elementor-element-556239d elementor-widget elementor-widget-text-editor\" data-id=\"556239d\" data-element_type=\"widget\" data-e-type=\"widget\" data-widget_type=\"text-editor.default\">\n\t\t\t\t<div class=\"elementor-widget-container\">\n\t\t\t\t\t\t\t\t\t<p>hello@yarrowisaac.com<\/p>\t\t\t\t\t\t\t\t<\/div>\n\t\t\t\t<\/div>\n\t\t\t\t<\/div>\n\t\t<div class=\"elementor-element elementor-element-c57b5a3 e-con-full e-flex e-con e-child\" data-id=\"c57b5a3\" data-element_type=\"container\" data-e-type=\"container\">\n\t\t\t\t<div class=\"elementor-element elementor-element-5e8e045 elementor-view-default elementor-widget elementor-widget-icon\" data-id=\"5e8e045\" data-element_type=\"widget\" data-e-type=\"widget\" data-widget_type=\"icon.default\">\n\t\t\t\t<div class=\"elementor-widget-container\">\n\t\t\t\t\t\t\t<div class=\"elementor-icon-wrapper\">\n\t\t\t<a class=\"elementor-icon\" href=\"https:\/\/www.linkedin.com\/in\/rebeka-izs%C3%A1k-384799197\/\" target=\"_blank\">\n\t\t\t<svg aria-hidden=\"true\" class=\"e-font-icon-svg e-fab-linkedin\" viewBox=\"0 0 448 512\" xmlns=\"http:\/\/www.w3.org\/2000\/svg\"><path d=\"M416 32H31.9C14.3 32 0 46.5 0 64.3v383.4C0 465.5 14.3 480 31.9 480H416c17.6 0 32-14.5 32-32.3V64.3c0-17.8-14.4-32.3-32-32.3zM135.4 416H69V202.2h66.5V416zm-33.2-243c-21.3 0-38.5-17.3-38.5-38.5S80.9 96 102.2 96c21.2 0 38.5 17.3 38.5 38.5 0 21.3-17.2 38.5-38.5 38.5zm282.1 243h-66.4V312c0-24.8-.5-56.7-34.5-56.7-34.6 0-39.9 27-39.9 54.9V416h-66.4V202.2h63.7v29.2h.9c8.9-16.8 30.6-34.5 62.9-34.5 67.2 0 79.7 44.3 79.7 101.9V416z\"><\/path><\/svg>\t\t\t<\/a>\n\t\t<\/div>\n\t\t\t\t\t\t<\/div>\n\t\t\t\t<\/div>\n\t\t\t\t<div class=\"elementor-element elementor-element-b47fcbb elementor-view-default elementor-widget elementor-widget-icon\" data-id=\"b47fcbb\" data-element_type=\"widget\" data-e-type=\"widget\" data-widget_type=\"icon.default\">\n\t\t\t\t<div class=\"elementor-widget-container\">\n\t\t\t\t\t\t\t<div class=\"elementor-icon-wrapper\">\n\t\t\t<a class=\"elementor-icon\" href=\"https:\/\/www.behance.net\/rebekaizsk\" target=\"_blank\">\n\t\t\t<svg aria-hidden=\"true\" class=\"e-font-icon-svg e-fab-behance-square\" viewBox=\"0 0 448 512\" xmlns=\"http:\/\/www.w3.org\/2000\/svg\"><path d=\"M186.5 293c0 19.3-14 25.4-31.2 25.4h-45.1v-52.9h46c18.6.1 30.3 7.8 30.3 27.5zm-7.7-82.3c0-17.7-13.7-21.9-28.9-21.9h-39.6v44.8H153c15.1 0 25.8-6.6 25.8-22.9zm132.3 23.2c-18.3 0-30.5 11.4-31.7 29.7h62.2c-1.7-18.5-11.3-29.7-30.5-29.7zM448 80v352c0 26.5-21.5 48-48 48H48c-26.5 0-48-21.5-48-48V80c0-26.5 21.5-48 48-48h352c26.5 0 48 21.5 48 48zM271.7 185h77.8v-18.9h-77.8V185zm-43 110.3c0-24.1-11.4-44.9-35-51.6 17.2-8.2 26.2-17.7 26.2-37 0-38.2-28.5-47.5-61.4-47.5H68v192h93.1c34.9-.2 67.6-16.9 67.6-55.9zM380 280.5c0-41.1-24.1-75.4-67.6-75.4-42.4 0-71.1 31.8-71.1 73.6 0 43.3 27.3 73 71.1 73 33.2 0 54.7-14.9 65.1-46.8h-33.7c-3.7 11.9-18.6 18.1-30.2 18.1-22.4 0-34.1-13.1-34.1-35.3h100.2c.1-2.3.3-4.8.3-7.2z\"><\/path><\/svg>\t\t\t<\/a>\n\t\t<\/div>\n\t\t\t\t\t\t<\/div>\n\t\t\t\t<\/div>\n\t\t\t\t<\/div>\n\t\t\t\t<\/footer>\n\t\t\t\t<\/div>\n\t\t\t\t\t<\/div>\n\t\t\t\t<\/div>\n\t\t\t\t<\/div>\n\t\t","protected":false},"excerpt":{"rendered":"<p>\u00d6tleted, k\u00e9rd\u00e9sed van, vagy csak \u00edrn\u00e1l p\u00e1r sort? T\u00f6ltsd ki az \u0171rlapot \u00e9s \u00edrj b\u00e1tran! Legyen sz\u00f3 k\u00f6z\u00f6s projektr\u0151l, egy\u00fcttm\u0171k\u00f6d\u00e9sr\u0151l, vagy csak egy gyors hell\u00f3r\u00f3l, minden \u00fczenetnek \u00f6r\u00fcl\u00f6k, \u00e9s igyekszem hamar v\u00e1laszolni! Yarrow Isaac hello@yarrowisaac.com<\/p>","protected":false},"author":1,"featured_media":0,"parent":0,"menu_order":0,"comment_status":"closed","ping_status":"closed","template":"","meta":{"_acf_changed":false,"inline_featured_image":false,"footnotes":""},"class_list":["post-13","page","type-page","status-publish","hentry"],"acf":[],"yoast_head":"<!-- This site is optimized with the Yoast SEO plugin v27.4 - https:\/\/yoast.com\/product\/yoast-seo-wordpress\/ -->\n<title>Kapcsolat - Yarrow Isaac portfolio site<\/title>\n<meta name=\"robots\" content=\"index, follow, max-snippet:-1, max-image-preview:large, max-video-preview:-1\" \/>\n<link rel=\"canonical\" href=\"https:\/\/yarrowisaac.com\/en\/kapcsolat\/\" \/>\n<meta property=\"og:locale\" content=\"en_US\" \/>\n<meta property=\"og:type\" content=\"article\" \/>\n<meta property=\"og:title\" content=\"Kapcsolat - Yarrow Isaac portfolio site\" \/>\n<meta property=\"og:description\" content=\"\u00d6tleted, k\u00e9rd\u00e9sed van, vagy csak \u00edrn\u00e1l p\u00e1r sort? T\u00f6ltsd ki az \u0171rlapot \u00e9s \u00edrj b\u00e1tran! Legyen sz\u00f3 k\u00f6z\u00f6s projektr\u0151l, egy\u00fcttm\u0171k\u00f6d\u00e9sr\u0151l, vagy csak egy gyors hell\u00f3r\u00f3l, minden \u00fczenetnek \u00f6r\u00fcl\u00f6k, \u00e9s igyekszem hamar v\u00e1laszolni! Yarrow Isaac hello@yarrowisaac.com\" \/>\n<meta property=\"og:url\" content=\"https:\/\/yarrowisaac.com\/en\/kapcsolat\/\" \/>\n<meta property=\"og:site_name\" content=\"Yarrow Isaac portfolio site\" \/>\n<meta property=\"article:modified_time\" content=\"2025-07-18T09:21:01+00:00\" \/>\n<meta name=\"twitter:card\" content=\"summary_large_image\" \/>\n<script type=\"application\/ld+json\" class=\"yoast-schema-graph\">{\"@context\":\"https:\\\/\\\/schema.org\",\"@graph\":[{\"@type\":\"WebPage\",\"@id\":\"https:\\\/\\\/yarrowisaac.com\\\/kapcsolat\\\/\",\"url\":\"https:\\\/\\\/yarrowisaac.com\\\/kapcsolat\\\/\",\"name\":\"Kapcsolat - Yarrow Isaac portfolio site\",\"isPartOf\":{\"@id\":\"https:\\\/\\\/yarrowisaac.com\\\/#website\"},\"datePublished\":\"2025-04-15T16:19:19+00:00\",\"dateModified\":\"2025-07-18T09:21:01+00:00\",\"breadcrumb\":{\"@id\":\"https:\\\/\\\/yarrowisaac.com\\\/kapcsolat\\\/#breadcrumb\"},\"inLanguage\":\"en-US\",\"potentialAction\":[{\"@type\":\"ReadAction\",\"target\":[\"https:\\\/\\\/yarrowisaac.com\\\/kapcsolat\\\/\"]}]},{\"@type\":\"BreadcrumbList\",\"@id\":\"https:\\\/\\\/yarrowisaac.com\\\/kapcsolat\\\/#breadcrumb\",\"itemListElement\":[{\"@type\":\"ListItem\",\"position\":1,\"name\":\"Kezd\u0151lap\",\"item\":\"https:\\\/\\\/yarrowisaac.com\\\/\"},{\"@type\":\"ListItem\",\"position\":2,\"name\":\"Kapcsolat\"}]},{\"@type\":\"WebSite\",\"@id\":\"https:\\\/\\\/yarrowisaac.com\\\/#website\",\"url\":\"https:\\\/\\\/yarrowisaac.com\\\/\",\"name\":\"Yarrow Isaac portfolio site\",\"description\":\"UX\\\/UI designer and Graphic Designer potfolio\",\"publisher\":{\"@id\":\"https:\\\/\\\/yarrowisaac.com\\\/#\\\/schema\\\/person\\\/8df4a6067d8b84f4dd481d50a4bbafaa\"},\"potentialAction\":[{\"@type\":\"SearchAction\",\"target\":{\"@type\":\"EntryPoint\",\"urlTemplate\":\"https:\\\/\\\/yarrowisaac.com\\\/?s={search_term_string}\"},\"query-input\":{\"@type\":\"PropertyValueSpecification\",\"valueRequired\":true,\"valueName\":\"search_term_string\"}}],\"inLanguage\":\"en-US\"},{\"@type\":[\"Person\",\"Organization\"],\"@id\":\"https:\\\/\\\/yarrowisaac.com\\\/#\\\/schema\\\/person\\\/8df4a6067d8b84f4dd481d50a4bbafaa\",\"name\":\"Yarrow Isaac\",\"image\":{\"@type\":\"ImageObject\",\"inLanguage\":\"en-US\",\"@id\":\"https:\\\/\\\/yarrowisaac.com\\\/wp-content\\\/uploads\\\/2025\\\/04\\\/yarrowisaac_logo_wide.png\",\"url\":\"https:\\\/\\\/yarrowisaac.com\\\/wp-content\\\/uploads\\\/2025\\\/04\\\/yarrowisaac_logo_wide.png\",\"contentUrl\":\"https:\\\/\\\/yarrowisaac.com\\\/wp-content\\\/uploads\\\/2025\\\/04\\\/yarrowisaac_logo_wide.png\",\"width\":350,\"height\":100,\"caption\":\"Yarrow Isaac\"},\"logo\":{\"@id\":\"https:\\\/\\\/yarrowisaac.com\\\/wp-content\\\/uploads\\\/2025\\\/04\\\/yarrowisaac_logo_wide.png\"},\"sameAs\":[\"https:\\\/\\\/yarrowisaac.com\"]}]}<\/script>\n<!-- \/ Yoast SEO plugin. -->","yoast_head_json":{"title":"Kapcsolat - Yarrow Isaac portfolio site","robots":{"index":"index","follow":"follow","max-snippet":"max-snippet:-1","max-image-preview":"max-image-preview:large","max-video-preview":"max-video-preview:-1"},"canonical":"https:\/\/yarrowisaac.com\/en\/kapcsolat\/","og_locale":"en_US","og_type":"article","og_title":"Kapcsolat - Yarrow Isaac portfolio site","og_description":"\u00d6tleted, k\u00e9rd\u00e9sed van, vagy csak \u00edrn\u00e1l p\u00e1r sort? T\u00f6ltsd ki az \u0171rlapot \u00e9s \u00edrj b\u00e1tran! Legyen sz\u00f3 k\u00f6z\u00f6s projektr\u0151l, egy\u00fcttm\u0171k\u00f6d\u00e9sr\u0151l, vagy csak egy gyors hell\u00f3r\u00f3l, minden \u00fczenetnek \u00f6r\u00fcl\u00f6k, \u00e9s igyekszem hamar v\u00e1laszolni! Yarrow Isaac hello@yarrowisaac.com","og_url":"https:\/\/yarrowisaac.com\/en\/kapcsolat\/","og_site_name":"Yarrow Isaac portfolio site","article_modified_time":"2025-07-18T09:21:01+00:00","twitter_card":"summary_large_image","schema":{"@context":"https:\/\/schema.org","@graph":[{"@type":"WebPage","@id":"https:\/\/yarrowisaac.com\/kapcsolat\/","url":"https:\/\/yarrowisaac.com\/kapcsolat\/","name":"Kapcsolat - Yarrow Isaac portfolio site","isPartOf":{"@id":"https:\/\/yarrowisaac.com\/#website"},"datePublished":"2025-04-15T16:19:19+00:00","dateModified":"2025-07-18T09:21:01+00:00","breadcrumb":{"@id":"https:\/\/yarrowisaac.com\/kapcsolat\/#breadcrumb"},"inLanguage":"en-US","potentialAction":[{"@type":"ReadAction","target":["https:\/\/yarrowisaac.com\/kapcsolat\/"]}]},{"@type":"BreadcrumbList","@id":"https:\/\/yarrowisaac.com\/kapcsolat\/#breadcrumb","itemListElement":[{"@type":"ListItem","position":1,"name":"Kezd\u0151lap","item":"https:\/\/yarrowisaac.com\/"},{"@type":"ListItem","position":2,"name":"Kapcsolat"}]},{"@type":"WebSite","@id":"https:\/\/yarrowisaac.com\/#website","url":"https:\/\/yarrowisaac.com\/","name":"Yarrow Isaac portfolio site","description":"UX\/UI designer and Graphic Designer potfolio","publisher":{"@id":"https:\/\/yarrowisaac.com\/#\/schema\/person\/8df4a6067d8b84f4dd481d50a4bbafaa"},"potentialAction":[{"@type":"SearchAction","target":{"@type":"EntryPoint","urlTemplate":"https:\/\/yarrowisaac.com\/?s={search_term_string}"},"query-input":{"@type":"PropertyValueSpecification","valueRequired":true,"valueName":"search_term_string"}}],"inLanguage":"en-US"},{"@type":["Person","Organization"],"@id":"https:\/\/yarrowisaac.com\/#\/schema\/person\/8df4a6067d8b84f4dd481d50a4bbafaa","name":"Yarrow Isaac","image":{"@type":"ImageObject","inLanguage":"en-US","@id":"https:\/\/yarrowisaac.com\/wp-content\/uploads\/2025\/04\/yarrowisaac_logo_wide.png","url":"https:\/\/yarrowisaac.com\/wp-content\/uploads\/2025\/04\/yarrowisaac_logo_wide.png","contentUrl":"https:\/\/yarrowisaac.com\/wp-content\/uploads\/2025\/04\/yarrowisaac_logo_wide.png","width":350,"height":100,"caption":"Yarrow Isaac"},"logo":{"@id":"https:\/\/yarrowisaac.com\/wp-content\/uploads\/2025\/04\/yarrowisaac_logo_wide.png"},"sameAs":["https:\/\/yarrowisaac.com"]}]}},"_links":{"self":[{"href":"https:\/\/yarrowisaac.com\/en\/wp-json\/wp\/v2\/pages\/13","targetHints":{"allow":["GET"]}}],"collection":[{"href":"https:\/\/yarrowisaac.com\/en\/wp-json\/wp\/v2\/pages"}],"about":[{"href":"https:\/\/yarrowisaac.com\/en\/wp-json\/wp\/v2\/types\/page"}],"author":[{"embeddable":true,"href":"https:\/\/yarrowisaac.com\/en\/wp-json\/wp\/v2\/users\/1"}],"replies":[{"embeddable":true,"href":"https:\/\/yarrowisaac.com\/en\/wp-json\/wp\/v2\/comments?post=13"}],"version-history":[{"count":172,"href":"https:\/\/yarrowisaac.com\/en\/wp-json\/wp\/v2\/pages\/13\/revisions"}],"predecessor-version":[{"id":2729,"href":"https:\/\/yarrowisaac.com\/en\/wp-json\/wp\/v2\/pages\/13\/revisions\/2729"}],"wp:attachment":[{"href":"https:\/\/yarrowisaac.com\/en\/wp-json\/wp\/v2\/media?parent=13"}],"curies":[{"name":"wp","href":"https:\/\/api.w.org\/{rel}","templated":true}]}}